{"id":6422,"date":"2026-03-16T09:39:12","date_gmt":"2026-03-16T13:39:12","guid":{"rendered":"https:\/\/whatsappbusiness.com\/annoncer-i-status-og-kanaler\/"},"modified":"2026-04-30T02:44:09","modified_gmt":"2026-04-30T06:44:09","slug":"whatsapp-ads","status":"publish","type":"page","link":"https:\/\/whatsappbusiness.com\/da\/whatsapp-ads\/","title":{"rendered":"Annoncer i Status og Kanaler"},"content":{"rendered":"\n<div class=\"wp-block-group alignfull wp-pattern-hero-split wp-pattern-hero-split--ar-1-1 is-style-surface-dark-green has-global-padding is-layout-constrained wp-block-group-is-layout-constrained is-style-surface-dark-green--1\" style=\"margin-top:var(--wp--preset--spacing--0);margin-bottom:var(--wp--preset--spacing--0);padding-top:var(--wp--preset--spacing--0);padding-bottom:var(--wp--preset--spacing--0)\">\n<div class=\"wp-block-group alignfull is-layout-grid wp-container-core-group-is-layout-48b93730 wp-block-group-is-layout-grid\" style=\"margin-top:var(--wp--preset--spacing--0);margin-bottom:var(--wp--preset--spacing--0);padding-top:var(--wp--preset--spacing--0);padding-bottom:var(--wp--preset--spacing--0)\">\n<figure class=\"wp-block-video is-style-square-corners\"><video data-ms=\"{&quot;creative&quot;:&quot;video&quot;,&quot;creative_detail&quot;:&quot;AdsInStatusAndChannels_Hero_Video&quot;}\" data-wab-video-name=\"ads-in-status-and-channels-hero-video.mp4\" autoplay=\"\" loop=\"\" muted=\"\" poster=\"https:\/\/whatsappbusiness.com\/wp-content\/uploads\/2026\/03\/Screenshot-2026-03-29-at-5.03.37-PM.png\" src=\"https:\/\/whatsappbusiness.com\/wp-content\/uploads\/videos\/ads-in-status-and-channels-hero-video.mp4\" playsinline=\"\"><\/video><\/figure>\n\n\n\n<div class=\"wp-block-group wp-pattern-hero-split__content wp-container-content-26a18ebb is-vertical is-content-justification-left is-layout-flex wp-container-core-group-is-layout-00552b42 wp-block-group-is-layout-flex\" style=\"padding-top:var(--wp--preset--spacing--20);padding-right:var(--wp--preset--spacing--0);padding-bottom:var(--wp--preset--spacing--20);padding-left:var(--wp--preset--spacing--20)\">\n<h1 id=\"annoncer-i-status-og-kanaler\" class=\"wp-block-heading has-text-align-left is-typography-preset-heading-1 has-brand-green-color has-text-color has-link-color wp-elements-fd7ca7979b88a2b17ac38ce502bacf99\" style=\"margin-right:var(--wp--preset--spacing--0);padding-right:var(--wp--preset--spacing--0)\">Annoncer i Status og Kanaler<\/h1>\n\n\n\n<p class=\"is-typography-preset-body-lg wp-block-paragraph\">Bliv fundet p\u00e5 WhatsApp<\/p>\n<\/div>\n<\/div>\n<\/div>\n\n<div class=\"wp-block-group alignfull is-style-surface-primary wp-pattern-content-centered-header has-global-padding is-layout-constrained wp-block-group-is-layout-constrained is-style-surface-primary--2\">\n<div class=\"wp-block-group alignwide is-vertical is-content-justification-center is-layout-flex wp-container-core-group-is-layout-060750bc wp-block-group-is-layout-flex\">\n<p class=\"has-brand-green-color has-text-color has-link-color wp-elements-e207af669bac0cab98ee88777ecbb477 wp-block-paragraph\">Kommer snart<\/p>\n\n\n\n<h2 id=\"hjaelp-folk-med-at-finde-din-virksomhed\" class=\"wp-block-heading is-typography-preset-heading-2\">Hj\u00e6lp folk med at <mark style=\"background-color:transparent\" class=\"has-green-underline\">finde din virksomhed<\/mark><\/h2>\n<\/div>\n\n\n\n<p class=\"has-text-align-center is-typography-preset-body-lg wp-block-paragraph\">Over 1,5 milliard brugere bes\u00f8ger fanen Opdateringer hver dag for at f\u00e5 statusopdateringer eller se kanaler fra personer og organisationer, de er interesseret i. G\u00f8r det nemmere for folk at starte en samtale med din virksomhed eller finde og f\u00f8lge din kanal ved at annoncere p\u00e5 WhatsApp, s\u00e5 du kan opbygge kundeforholdet og skabe v\u00e6kst.<\/p>\n<\/div>\n\n<div class=\"wp-block-group alignfull wp-pattern-content-cards-two-column is-style-surface-primary has-global-padding is-layout-constrained wp-container-core-group-is-layout-218127bd wp-block-group-is-layout-constrained is-style-surface-primary--3\">\n<div class=\"wp-block-media-text alignwide has-media-on-the-right is-stacked-on-mobile\"><div class=\"wp-block-media-text__content\">\n<h3 id=\"annoncer-i-status\" class=\"wp-block-heading is-style-green-line\">Annoncer i Status<\/h3>\n\n\n\n<p class=\"wp-block-paragraph\">Individuelle personer og virksomheder bruger Status til at dele billeder, videoer, talenoter og tekst med deres f\u00e6lles kontakter, der varer 24 timer.<\/p>\n\n\n\n<p class=\"wp-block-paragraph\">Ved at vise annoncer i Status kan du hj\u00e6lpe din virksomhed med at blive opdaget af nye kunder og g\u00f8re det nemt for dem at starte en samtale med dig \u2013 alt sammen p\u00e5 WhatsApp.<\/p>\n<\/div><figure class=\"wp-block-media-text__media\"><img data-dominant-color=\"494d48\" data-has-transparency=\"true\" style=\"--dominant-color: #494d48;\" loading=\"lazy\" decoding=\"async\" width=\"1748\" height=\"1410\" src=\"https:\/\/whatsappbusiness.com\/wp-content\/uploads\/2026\/03\/UI-001-ads-in-status-.nl_NL.png?w=1024\" alt=\"An image example of WhatsApp Ads in status\" class=\"wp-image-2059 size-full has-transparency\" srcset=\"https:\/\/whatsappbusiness.com\/wp-content\/uploads\/2026\/03\/UI-001-ads-in-status-.nl_NL.png 1748w, https:\/\/whatsappbusiness.com\/wp-content\/uploads\/2026\/03\/UI-001-ads-in-status-.nl_NL.png?resize=300,242 300w, https:\/\/whatsappbusiness.com\/wp-content\/uploads\/2026\/03\/UI-001-ads-in-status-.nl_NL.png?resize=768,619 768w, https:\/\/whatsappbusiness.com\/wp-content\/uploads\/2026\/03\/UI-001-ads-in-status-.nl_NL.png?resize=1024,826 1024w, https:\/\/whatsappbusiness.com\/wp-content\/uploads\/2026\/03\/UI-001-ads-in-status-.nl_NL.png?resize=1536,1239 1536w\" sizes=\"auto, (max-width: 1748px) 100vw, 1748px\" \/><\/figure><\/div>\n\n\n\n<div class=\"wp-block-media-text alignwide is-stacked-on-mobile\"><figure class=\"wp-block-media-text__media\"><img loading=\"lazy\" decoding=\"async\" width=\"1240\" height=\"1001\" src=\"https:\/\/whatsappbusiness.com\/wp-content\/uploads\/2026\/03\/About-03_promoted-channels.png?w=1024\" alt=\"An image example of WhatsApp Ads promoted channels\" class=\"wp-image-2470 size-full\" srcset=\"https:\/\/whatsappbusiness.com\/wp-content\/uploads\/2026\/03\/About-03_promoted-channels.png 1240w, https:\/\/whatsappbusiness.com\/wp-content\/uploads\/2026\/03\/About-03_promoted-channels.png?resize=300,242 300w, https:\/\/whatsappbusiness.com\/wp-content\/uploads\/2026\/03\/About-03_promoted-channels.png?resize=768,620 768w, https:\/\/whatsappbusiness.com\/wp-content\/uploads\/2026\/03\/About-03_promoted-channels.png?resize=1024,827 1024w\" sizes=\"auto, (max-width: 1240px) 100vw, 1240px\" \/><\/figure><div class=\"wp-block-media-text__content\">\n<h3 id=\"promoverede-kanaler\" class=\"wp-block-heading is-style-green-line\">Promoverede kanaler<\/h3>\n\n\n\n<p class=\"wp-block-paragraph\">Individuelle personer bruger kanaler til at f\u00e5 envejsudsendelser s\u00e5som tekster, billeder, videoer, klisterm\u00e6rker og afstemninger fra deres yndlingspersoner, -brands og -organisationer.<\/p>\n\n\n\n<p class=\"wp-block-paragraph\">Annoncer i promoverede kanaler hj\u00e6lper din virksomhed med at blive opdaget ved at booste din kanal i oversigten og g\u00f8re det nemt for folk at finde indhold, der passer til dem.<\/p>\n<\/div><\/div>\n<\/div>\n\n<div class=\"wp-block-group alignfull is-style-surface-primary wp-pattern-content-centered-header-cta has-global-padding is-layout-constrained wp-block-group-is-layout-constrained is-style-surface-primary--4\">\n<div class=\"wp-block-group alignwide is-vertical is-content-justification-center is-layout-flex wp-container-core-group-is-layout-060750bc wp-block-group-is-layout-flex\">\n<p class=\"has-brand-green-color has-text-color has-link-color wp-elements-19cc23d66756dae1e0ffe163caffd73e wp-block-paragraph\">Vores tilgang<\/p>\n\n\n\n<h2 id=\"annoncer-paa-rette-sted\" class=\"wp-block-heading is-typography-preset-heading-2\">Annoncer p\u00e5 rette sted<\/h2>\n<\/div>\n\n\n\n<div class=\"wp-block-group is-vertical is-content-justification-center is-layout-flex wp-container-core-group-is-layout-6c13d7fb wp-block-group-is-layout-flex\">\n<p class=\"has-text-align-center is-typography-preset-body-lg wp-block-paragraph\">Vores annoncer vil blive vist i Status og Kanaler, hvor personer er \u00e5bne for opdagelse. Den personlige beskedoplevelse p\u00e5 WhatsApp \u00e6ndres ikke, og personlige beskeder, opkald og statusser er end-to-end-krypterede og kan ikke bruges til at vise annoncer.<\/p>\n\n\n\n<div class=\"wp-block-buttons is-content-justification-center is-layout-flex wp-container-core-buttons-is-layout-aebcc133 wp-block-buttons-is-layout-flex\">\n<div class=\"wp-block-button is-style-button-secondary has-icon is-style-button-secondary--5\"><a class=\"wp-block-button__link wp-element-button\" href=\"https:\/\/whatsappbusiness.com\/da\/whatsapp-ads\/privacy\/\">L\u00e6s mere<\/a><\/div>\n<\/div>\n<\/div>\n<\/div>\n\n<div class=\"wp-block-group alignfull wp-pattern-content-cards-two-column is-style-surface-primary has-global-padding is-layout-constrained wp-block-group-is-layout-constrained is-style-surface-primary--6\">\n<div class=\"wp-block-group alignwide wp-pattern-content-cards-two-column__grid is-layout-grid wp-container-core-group-is-layout-64e2a0f8 wp-block-group-is-layout-grid\">\n<div class=\"wp-block-group wp-pattern-content-cards-two-column__card is-style-surface-cream is-vertical is-layout-flex wp-container-core-group-is-layout-8ca568d9 wp-block-group-is-layout-flex is-style-surface-cream--7\" style=\"border-radius:24px;box-shadow:var(--wp--preset--shadow--large)\">\n<figure class=\"wp-block-image size-full is-resized wp-pattern-content-cards-two-column__icon\"><img loading=\"lazy\" decoding=\"async\" width=\"40\" height=\"48\" src=\"https:\/\/whatsappbusiness.com\/wp-content\/uploads\/2026\/03\/19_no_data_personal_data_green.svg\" alt=\"Gr\u00f8nt l\u00e5seikon\" class=\"wp-image-2474\" style=\"width:75px;height:57px\"\/><\/figure>\n\n\n\n<h3 id=\"personlige-chats-forbliver-private\" class=\"wp-block-heading is-typography-preset-heading-5\">Personlige chats forbliver private<\/h3>\n<\/div>\n\n\n\n<div class=\"wp-block-group wp-pattern-content-cards-two-column__card is-style-surface-cream is-vertical is-layout-flex wp-container-core-group-is-layout-8ca568d9 wp-block-group-is-layout-flex is-style-surface-cream--8\" style=\"border-radius:24px;box-shadow:var(--wp--preset--shadow--large)\">\n<figure class=\"wp-block-image size-full is-resized wp-pattern-content-cards-two-column__icon\"><img loading=\"lazy\" decoding=\"async\" width=\"49\" height=\"48\" src=\"https:\/\/whatsappbusiness.com\/wp-content\/uploads\/2026\/03\/20_sliders_preferences_green.svg\" alt=\"gr\u00f8nt privacy shield-ikon\" class=\"wp-image-2472\" style=\"width:75px;height:57px\"\/><\/figure>\n\n\n\n<h3 id=\"persondata-forbliver-hos-whatsapp\" class=\"wp-block-heading is-typography-preset-heading-5\">Persondata forbliver hos WhatsApp<\/h3>\n<\/div>\n\n\n\n<div class=\"wp-block-group wp-pattern-content-cards-two-column__card is-style-surface-cream is-vertical is-layout-flex wp-container-core-group-is-layout-8ca568d9 wp-block-group-is-layout-flex is-style-surface-cream--9\" style=\"border-radius:24px;box-shadow:var(--wp--preset--shadow--large)\">\n<figure class=\"wp-block-image size-full is-resized wp-pattern-content-cards-two-column__icon\"><img loading=\"lazy\" decoding=\"async\" width=\"43\" height=\"42\" src=\"https:\/\/whatsappbusiness.com\/wp-content\/uploads\/2026\/03\/21_shield_privacy_green.svg\" alt=\"Gr\u00f8nt skydeikon\" class=\"wp-image-2473\" style=\"width:60px;height:59px\"\/><\/figure>\n\n\n\n<h3 id=\"praeferencer-er-nemme-at-kontrollere\" class=\"wp-block-heading is-typography-preset-heading-5\">Pr\u00e6ferencer er nemme at kontrollere<\/h3>\n<\/div>\n<\/div>\n<\/div>\n\n<div class=\"wp-block-group alignfull is-style-surface-primary wp-pattern-content-centered-container-cta has-global-padding is-layout-constrained wp-block-group-is-layout-constrained is-style-surface-primary--10\">\n<div class=\"wp-block-group alignwide is-style-surface-light-green is-vertical is-content-justification-center is-layout-flex wp-container-core-group-is-layout-6c13d7fb wp-block-group-is-layout-flex is-style-surface-light-green--11\" style=\"border-radius:16px\">\n<h2 id=\"vaer-den-foerste-til-at-faa-mere-at-vide\" class=\"wp-block-heading is-typography-preset-heading-2\">V\u00e6r den f\u00f8rste til at f\u00e5 mere at vide<\/h2>\n\n\n\n<p class=\"has-text-align-center is-typography-preset-body-lg wp-block-paragraph\">Abonner for at modtage opdateringer, efterh\u00e5nden som vi g\u00f8r disse v\u00e6rkt\u00f8jer tilg\u00e6ngelige i din region.<br><\/p>\n\n\n\n<div class=\"wp-block-buttons is-content-justification-center is-layout-flex wp-container-core-buttons-is-layout-aebcc133 wp-block-buttons-is-layout-flex\">\n<div class=\"wp-block-button\"><a class=\"wp-block-button__link wp-element-button\" href=\"https:\/\/whatsappbusiness.com\/da\/whatsapp-ads\/subscribe\/\">Abonner<\/a><\/div>\n<\/div>\n<\/div>\n<\/div>\n","protected":false},"excerpt":{"rendered":"<p>Annoncer i Status og Kanaler Bliv fundet p\u00e5 WhatsApp Kommer snart Hj\u00e6lp folk med at finde din virksomhed Over 1,5 milliard brugere bes\u00f8ger fanen Opdateringer hver dag for at f\u00e5 statusopdateringer eller se kanaler fra personer og organisationer, de er interesseret i. G\u00f8r det nemmere for folk at starte en samtale med din virksomhed eller [&hellip;]<\/p>\n","protected":false},"author":14,"featured_media":5126,"parent":0,"menu_order":0,"comment_status":"closed","ping_status":"closed","template":"","meta":{"wab_page_header_cta_text":"","wab_page_header_cta_url":"","footnotes":""},"class_list":["post-6422","page","type-page","status-publish","has-post-thumbnail","hentry"],"yoast_head":"<!-- This site is optimized with the Yoast SEO Premium plugin v27.5 (Yoast SEO v27.5) - https:\/\/yoast.com\/product\/yoast-seo-premium-wordpress\/ -->\n<title>WhatsApp-annoncer i Status og Kanaler | Bliv opdaget<\/title>\n<meta name=\"description\" content=\"Hj\u00e6lp folk med at finde din virksomhed med annoncer i Status og Kanaler. Se, hvordan WhatsApp-annoncering kan hj\u00e6lpe virksomheder med at opbygge kundeforhold og skabe v\u00e6kst.\" \/>\n<meta name=\"robots\" content=\"index, follow, max-snippet:-1, max-image-preview:large, max-video-preview:-1\" \/>\n<link rel=\"canonical\" href=\"https:\/\/whatsappbusiness.com\/da\/whatsapp-ads\/\" \/>\n<meta property=\"og:locale\" content=\"da_DK\" \/>\n<meta property=\"og:type\" content=\"article\" \/>\n<meta property=\"og:title\" content=\"Annoncer i Status og Kanaler\" \/>\n<meta property=\"og:description\" content=\"Hj\u00e6lp folk med at finde din virksomhed med annoncer i Status og Kanaler. Se, hvordan WhatsApp-annoncering kan hj\u00e6lpe virksomheder med at opbygge kundeforhold og skabe v\u00e6kst.\" \/>\n<meta property=\"og:url\" content=\"https:\/\/whatsappbusiness.com\/da\/whatsapp-ads\/\" \/>\n<meta property=\"og:site_name\" content=\"WhatsApp for Business\" \/>\n<meta property=\"article:publisher\" content=\"https:\/\/www.facebook.com\/WhatsAppBiz\" \/>\n<meta property=\"article:modified_time\" content=\"2026-04-30T06:44:09+00:00\" \/>\n<meta property=\"og:image\" content=\"https:\/\/whatsappbusiness.com\/wp-content\/uploads\/2026\/03\/WhatsApp-for-Business-Default-Image.png\" \/>\n\t<meta property=\"og:image:width\" content=\"1200\" \/>\n\t<meta property=\"og:image:height\" content=\"630\" \/>\n\t<meta property=\"og:image:type\" content=\"image\/png\" \/>\n<meta name=\"twitter:card\" content=\"summary_large_image\" \/>\n<meta name=\"twitter:label1\" content=\"Est. reading time\" \/>\n\t<meta name=\"twitter:data1\" content=\"1 minut\" \/>\n<script type=\"application\/ld+json\" class=\"yoast-schema-graph\">{\"@context\":\"https:\\\/\\\/schema.org\",\"@graph\":[{\"@type\":\"WebPage\",\"@id\":\"https:\\\/\\\/whatsappbusiness.com\\\/da\\\/whatsapp-ads\\\/\",\"url\":\"https:\\\/\\\/whatsappbusiness.com\\\/da\\\/whatsapp-ads\\\/\",\"name\":\"WhatsApp-annoncer i Status og Kanaler | Bliv opdaget\",\"isPartOf\":{\"@id\":\"https:\\\/\\\/whatsappbusiness.com\\\/da\\\/#website\"},\"primaryImageOfPage\":{\"@id\":\"https:\\\/\\\/whatsappbusiness.com\\\/da\\\/whatsapp-ads\\\/#primaryimage\"},\"image\":{\"@id\":\"https:\\\/\\\/whatsappbusiness.com\\\/da\\\/whatsapp-ads\\\/#primaryimage\"},\"thumbnailUrl\":\"https:\\\/\\\/whatsappbusiness.com\\\/wp-content\\\/uploads\\\/2026\\\/03\\\/WhatsApp-for-Business-Default-Image.png\",\"datePublished\":\"2026-03-16T13:39:12+00:00\",\"dateModified\":\"2026-04-30T06:44:09+00:00\",\"description\":\"Hj\u00e6lp folk med at finde din virksomhed med annoncer i Status og Kanaler. Se, hvordan WhatsApp-annoncering kan hj\u00e6lpe virksomheder med at opbygge kundeforhold og skabe v\u00e6kst.\",\"breadcrumb\":{\"@id\":\"https:\\\/\\\/whatsappbusiness.com\\\/da\\\/whatsapp-ads\\\/#breadcrumb\"},\"inLanguage\":\"da-DK\",\"potentialAction\":[{\"@type\":\"ReadAction\",\"target\":[\"https:\\\/\\\/whatsappbusiness.com\\\/da\\\/whatsapp-ads\\\/\"]}],\"author\":\"WhatsApp for Business\"},{\"@type\":\"ImageObject\",\"inLanguage\":\"da-DK\",\"@id\":\"https:\\\/\\\/whatsappbusiness.com\\\/da\\\/whatsapp-ads\\\/#primaryimage\",\"url\":\"https:\\\/\\\/whatsappbusiness.com\\\/wp-content\\\/uploads\\\/2026\\\/03\\\/WhatsApp-for-Business-Default-Image.png\",\"contentUrl\":\"https:\\\/\\\/whatsappbusiness.com\\\/wp-content\\\/uploads\\\/2026\\\/03\\\/WhatsApp-for-Business-Default-Image.png\",\"width\":1200,\"height\":630,\"caption\":\"Logo og ordm\u00e6rke for WhatsApp for Business p\u00e5 en brandet gr\u00f8n baggrund\"},{\"@type\":\"BreadcrumbList\",\"@id\":\"https:\\\/\\\/whatsappbusiness.com\\\/da\\\/whatsapp-ads\\\/#breadcrumb\",\"itemListElement\":[{\"@type\":\"ListItem\",\"position\":1,\"name\":\"Startside\",\"item\":\"https:\\\/\\\/whatsappbusiness.com\\\/da\\\/\"},{\"@type\":\"ListItem\",\"position\":2,\"name\":\"Annoncer i Status og Kanaler\"}]},{\"@type\":\"WebSite\",\"@id\":\"https:\\\/\\\/whatsappbusiness.com\\\/da\\\/#website\",\"url\":\"https:\\\/\\\/whatsappbusiness.com\\\/da\\\/\",\"name\":\"WhatsApp for Business\",\"description\":\"Do more with conversations\",\"publisher\":{\"@id\":\"https:\\\/\\\/whatsappbusiness.com\\\/da\\\/#organization\"},\"potentialAction\":[{\"@type\":\"SearchAction\",\"target\":{\"@type\":\"EntryPoint\",\"urlTemplate\":\"https:\\\/\\\/whatsappbusiness.com\\\/da\\\/?s={search_term_string}\"},\"query-input\":{\"@type\":\"PropertyValueSpecification\",\"valueRequired\":true,\"valueName\":\"search_term_string\"}}],\"inLanguage\":\"da-DK\"},{\"@type\":\"Organization\",\"@id\":\"https:\\\/\\\/whatsappbusiness.com\\\/da\\\/#organization\",\"name\":\"WhatsApp for Business\",\"url\":\"https:\\\/\\\/whatsappbusiness.com\\\/da\\\/\",\"logo\":{\"@type\":\"ImageObject\",\"inLanguage\":\"da-DK\",\"@id\":\"https:\\\/\\\/whatsappbusiness.com\\\/da\\\/#\\\/schema\\\/logo\\\/image\\\/\",\"url\":\"https:\\\/\\\/whatsappbusiness.com\\\/wp-content\\\/uploads\\\/2026\\\/04\\\/Digital_Inline_White_RGB_2026.svg\",\"contentUrl\":\"https:\\\/\\\/whatsappbusiness.com\\\/wp-content\\\/uploads\\\/2026\\\/04\\\/Digital_Inline_White_RGB_2026.svg\",\"width\":1487,\"height\":346,\"caption\":\"WhatsApp for Business\"},\"image\":{\"@id\":\"https:\\\/\\\/whatsappbusiness.com\\\/da\\\/#\\\/schema\\\/logo\\\/image\\\/\"},\"sameAs\":[\"https:\\\/\\\/www.facebook.com\\\/WhatsAppBiz\",\"https:\\\/\\\/www.linkedin.com\\\/showcase\\\/whatsapp-business\",\"https:\\\/\\\/www.instagram.com\\\/whatsappforbusiness\"]}]}<\/script>\n<!-- \/ Yoast SEO Premium plugin. -->","yoast_head_json":{"title":"WhatsApp-annoncer i Status og Kanaler | Bliv opdaget","description":"Hj\u00e6lp folk med at finde din virksomhed med annoncer i Status og Kanaler. Se, hvordan WhatsApp-annoncering kan hj\u00e6lpe virksomheder med at opbygge kundeforhold og skabe v\u00e6kst.","robots":{"index":"index","follow":"follow","max-snippet":"max-snippet:-1","max-image-preview":"max-image-preview:large","max-video-preview":"max-video-preview:-1"},"canonical":"https:\/\/whatsappbusiness.com\/da\/whatsapp-ads\/","og_locale":"da_DK","og_type":"article","og_title":"Annoncer i Status og Kanaler","og_description":"Hj\u00e6lp folk med at finde din virksomhed med annoncer i Status og Kanaler. Se, hvordan WhatsApp-annoncering kan hj\u00e6lpe virksomheder med at opbygge kundeforhold og skabe v\u00e6kst.","og_url":"https:\/\/whatsappbusiness.com\/da\/whatsapp-ads\/","og_site_name":"WhatsApp for Business","article_publisher":"https:\/\/www.facebook.com\/WhatsAppBiz","article_modified_time":"2026-04-30T06:44:09+00:00","og_image":[{"width":1200,"height":630,"url":"https:\/\/whatsappbusiness.com\/wp-content\/uploads\/2026\/03\/WhatsApp-for-Business-Default-Image.png","type":"image\/png"}],"twitter_card":"summary_large_image","twitter_misc":{"Est. reading time":"1 minut"},"schema":{"@context":"https:\/\/schema.org","@graph":[{"@type":"WebPage","@id":"https:\/\/whatsappbusiness.com\/da\/whatsapp-ads\/","url":"https:\/\/whatsappbusiness.com\/da\/whatsapp-ads\/","name":"WhatsApp-annoncer i Status og Kanaler | Bliv opdaget","isPartOf":{"@id":"https:\/\/whatsappbusiness.com\/da\/#website"},"primaryImageOfPage":{"@id":"https:\/\/whatsappbusiness.com\/da\/whatsapp-ads\/#primaryimage"},"image":{"@id":"https:\/\/whatsappbusiness.com\/da\/whatsapp-ads\/#primaryimage"},"thumbnailUrl":"https:\/\/whatsappbusiness.com\/wp-content\/uploads\/2026\/03\/WhatsApp-for-Business-Default-Image.png","datePublished":"2026-03-16T13:39:12+00:00","dateModified":"2026-04-30T06:44:09+00:00","description":"Hj\u00e6lp folk med at finde din virksomhed med annoncer i Status og Kanaler. Se, hvordan WhatsApp-annoncering kan hj\u00e6lpe virksomheder med at opbygge kundeforhold og skabe v\u00e6kst.","breadcrumb":{"@id":"https:\/\/whatsappbusiness.com\/da\/whatsapp-ads\/#breadcrumb"},"inLanguage":"da-DK","potentialAction":[{"@type":"ReadAction","target":["https:\/\/whatsappbusiness.com\/da\/whatsapp-ads\/"]}],"author":"WhatsApp for Business"},{"@type":"ImageObject","inLanguage":"da-DK","@id":"https:\/\/whatsappbusiness.com\/da\/whatsapp-ads\/#primaryimage","url":"https:\/\/whatsappbusiness.com\/wp-content\/uploads\/2026\/03\/WhatsApp-for-Business-Default-Image.png","contentUrl":"https:\/\/whatsappbusiness.com\/wp-content\/uploads\/2026\/03\/WhatsApp-for-Business-Default-Image.png","width":1200,"height":630,"caption":"Logo og ordm\u00e6rke for WhatsApp for Business p\u00e5 en brandet gr\u00f8n baggrund"},{"@type":"BreadcrumbList","@id":"https:\/\/whatsappbusiness.com\/da\/whatsapp-ads\/#breadcrumb","itemListElement":[{"@type":"ListItem","position":1,"name":"Startside","item":"https:\/\/whatsappbusiness.com\/da\/"},{"@type":"ListItem","position":2,"name":"Annoncer i Status og Kanaler"}]},{"@type":"WebSite","@id":"https:\/\/whatsappbusiness.com\/da\/#website","url":"https:\/\/whatsappbusiness.com\/da\/","name":"WhatsApp for Business","description":"Do more with conversations","publisher":{"@id":"https:\/\/whatsappbusiness.com\/da\/#organization"},"potentialAction":[{"@type":"SearchAction","target":{"@type":"EntryPoint","urlTemplate":"https:\/\/whatsappbusiness.com\/da\/?s={search_term_string}"},"query-input":{"@type":"PropertyValueSpecification","valueRequired":true,"valueName":"search_term_string"}}],"inLanguage":"da-DK"},{"@type":"Organization","@id":"https:\/\/whatsappbusiness.com\/da\/#organization","name":"WhatsApp for Business","url":"https:\/\/whatsappbusiness.com\/da\/","logo":{"@type":"ImageObject","inLanguage":"da-DK","@id":"https:\/\/whatsappbusiness.com\/da\/#\/schema\/logo\/image\/","url":"https:\/\/whatsappbusiness.com\/wp-content\/uploads\/2026\/04\/Digital_Inline_White_RGB_2026.svg","contentUrl":"https:\/\/whatsappbusiness.com\/wp-content\/uploads\/2026\/04\/Digital_Inline_White_RGB_2026.svg","width":1487,"height":346,"caption":"WhatsApp for Business"},"image":{"@id":"https:\/\/whatsappbusiness.com\/da\/#\/schema\/logo\/image\/"},"sameAs":["https:\/\/www.facebook.com\/WhatsAppBiz","https:\/\/www.linkedin.com\/showcase\/whatsapp-business","https:\/\/www.instagram.com\/whatsappforbusiness"]}]}},"parsely":{"version":"1.1.0","canonical_url":"https:\/\/whatsappbusiness.com\/da\/whatsapp-ads\/","smart_links":{"inbound":0,"outbound":0},"traffic_boost_suggestions_count":0,"meta":{"@context":"https:\/\/schema.org","@type":"WebPage","headline":"Annoncer i Status og Kanaler","url":"http:\/\/whatsappbusiness.com\/da\/whatsapp-ads\/","mainEntityOfPage":{"@type":"WebPage","@id":"http:\/\/whatsappbusiness.com\/da\/whatsapp-ads\/"},"thumbnailUrl":"https:\/\/whatsappbusiness.com\/wp-content\/uploads\/2026\/03\/WhatsApp-for-Business-Default-Image.png?w=150&h=150&crop=1","image":{"@type":"ImageObject","url":"https:\/\/whatsappbusiness.com\/wp-content\/uploads\/2026\/03\/WhatsApp-for-Business-Default-Image.png"},"articleSection":"Uncategorized @da","author":[{"@type":"Person","name":"fabiankaegy"}],"creator":["fabiankaegy"],"publisher":{"@type":"Organization","name":"WhatsApp for Business","logo":"https:\/\/whatsappbusiness.com\/wp-content\/uploads\/2026\/04\/Digital_Inline_White_RGB_2026.svg"},"keywords":[],"dateCreated":"2026-03-16T13:39:12Z","datePublished":"2026-03-16T13:39:12Z","dateModified":"2026-04-30T06:44:09Z"},"rendered":"<script type=\"application\/ld+json\" class=\"wp-parsely-metadata\">{\"@context\":\"https:\\\/\\\/schema.org\",\"@type\":\"WebPage\",\"headline\":\"Annoncer i Status og Kanaler\",\"url\":\"http:\\\/\\\/whatsappbusiness.com\\\/da\\\/whatsapp-ads\\\/\",\"mainEntityOfPage\":{\"@type\":\"WebPage\",\"@id\":\"http:\\\/\\\/whatsappbusiness.com\\\/da\\\/whatsapp-ads\\\/\"},\"thumbnailUrl\":\"https:\\\/\\\/whatsappbusiness.com\\\/wp-content\\\/uploads\\\/2026\\\/03\\\/WhatsApp-for-Business-Default-Image.png?w=150&h=150&crop=1\",\"image\":{\"@type\":\"ImageObject\",\"url\":\"https:\\\/\\\/whatsappbusiness.com\\\/wp-content\\\/uploads\\\/2026\\\/03\\\/WhatsApp-for-Business-Default-Image.png\"},\"articleSection\":\"Uncategorized @da\",\"author\":[{\"@type\":\"Person\",\"name\":\"fabiankaegy\"}],\"creator\":[\"fabiankaegy\"],\"publisher\":{\"@type\":\"Organization\",\"name\":\"WhatsApp for Business\",\"logo\":\"https:\\\/\\\/whatsappbusiness.com\\\/wp-content\\\/uploads\\\/2026\\\/04\\\/Digital_Inline_White_RGB_2026.svg\"},\"keywords\":[],\"dateCreated\":\"2026-03-16T13:39:12Z\",\"datePublished\":\"2026-03-16T13:39:12Z\",\"dateModified\":\"2026-04-30T06:44:09Z\"}<\/script>","tracker_url":"https:\/\/cdn.parsely.com\/keys\/whatsappbusiness.com\/p.js"},"_links":{"self":[{"href":"https:\/\/whatsappbusiness.com\/da\/wp-json\/wp\/v2\/pages\/6422","targetHints":{"allow":["GET"]}}],"collection":[{"href":"https:\/\/whatsappbusiness.com\/da\/wp-json\/wp\/v2\/pages"}],"about":[{"href":"https:\/\/whatsappbusiness.com\/da\/wp-json\/wp\/v2\/types\/page"}],"author":[{"embeddable":true,"href":"https:\/\/whatsappbusiness.com\/da\/wp-json\/wp\/v2\/users\/14"}],"replies":[{"embeddable":true,"href":"https:\/\/whatsappbusiness.com\/da\/wp-json\/wp\/v2\/comments?post=6422"}],"version-history":[{"count":7,"href":"https:\/\/whatsappbusiness.com\/da\/wp-json\/wp\/v2\/pages\/6422\/revisions"}],"predecessor-version":[{"id":14516,"href":"https:\/\/whatsappbusiness.com\/da\/wp-json\/wp\/v2\/pages\/6422\/revisions\/14516"}],"wp:featuredmedia":[{"embeddable":true,"href":"https:\/\/whatsappbusiness.com\/da\/wp-json\/wp\/v2\/media\/5126"}],"wp:attachment":[{"href":"https:\/\/whatsappbusiness.com\/da\/wp-json\/wp\/v2\/media?parent=6422"}],"curies":[{"name":"wp","href":"https:\/\/api.w.org\/{rel}","templated":true}]}}