{"id":6264,"date":"2026-03-16T09:37:31","date_gmt":"2026-03-16T13:37:31","guid":{"rendered":"https:\/\/whatsappbusiness.com\/conditions-generales\/"},"modified":"2026-04-18T15:50:59","modified_gmt":"2026-04-18T19:50:59","slug":"terms-and-conditions","status":"publish","type":"page","link":"https:\/\/whatsappbusiness.com\/fr\/terms-and-conditions\/","title":{"rendered":"Conditions g\u00e9n\u00e9rales"},"content":{"rendered":"\n<div class=\"wp-block-group alignfull is-style-surface-dark-green wp-pattern-hero-text-only has-global-padding is-layout-constrained wp-block-group-is-layout-constrained is-style-surface-dark-green--1\">\n<div class=\"wp-block-group alignwide wp-pattern-hero-text-only__content is-vertical is-content-justification-left is-layout-flex wp-container-core-group-is-layout-d03b967c wp-block-group-is-layout-flex\">\n<div class=\"wp-block-group is-vertical is-layout-flex wp-container-core-group-is-layout-26157a64 wp-block-group-is-layout-flex\">\n<h1 id=\"conditions-generales\" class=\"wp-block-heading is-typography-preset-heading-1 has-brand-green-color has-text-color\">Conditions g\u00e9n\u00e9rales<\/h1>\n<\/div>\n\n\n\n<div class=\"wp-block-group has-global-padding is-layout-constrained wp-container-core-group-is-layout-1ba8f67d wp-block-group-is-layout-constrained\" style=\"padding-right:var(--wp--preset--spacing--0);padding-left:var(--wp--preset--spacing--0)\">\n<p class=\"is-typography-preset-body-lg wp-block-paragraph\">WhatsApp\u00a0Business vous permet de communiquer \u00e0 grande \u00e9chelle avec votre client\u00e8le sur son application pr\u00e9f\u00e9r\u00e9e via une plateforme de messagerie rapide et fiable.<\/p>\n<\/div>\n<\/div>\n<\/div>\n\n<div class=\"wp-block-group alignfull is-style-surface-primary has-global-padding is-layout-constrained wp-block-group-is-layout-constrained is-style-surface-primary--2\">\n<div class=\"wp-block-columns alignwide is-layout-flex wp-container-core-columns-is-layout-5b0d790a wp-block-columns-is-layout-flex has-2-columns\">\n<div class=\"wp-block-column is-layout-flow wp-block-column-is-layout-flow\" style=\"flex-basis:100%\">\n<div class=\"wp-block-group wp-container-content-8d1725e3 is-vertical is-content-justification-left is-layout-flex wp-container-core-group-is-layout-40dc2d6a wp-block-group-is-layout-flex\">\n<h3 id=\"application-whatsapp-business\" class=\"wp-block-heading is-typography-preset-heading-4\">Application WhatsApp Business<\/h3>\n\n\n\n<div class=\"wp-block-buttons is-vertical is-layout-flex wp-container-core-buttons-is-layout-7d13bd9c wp-block-buttons-is-layout-flex\">\n<div class=\"wp-block-button is-style-arrow-link\"><a class=\"wp-block-button__link has-button-sm-font-size has-custom-font-size wp-element-button\" href=\"https:\/\/www.whatsapp.com\/legal\/business-terms\" target=\"_blank\" rel=\"noreferrer noopener\">Conditions d\u2019utilisation de WhatsApp Business<\/a><\/div>\n<\/div>\n<\/div>\n<\/div>\n\n\n\n<div class=\"wp-block-column is-layout-flow wp-block-column-is-layout-flow\" style=\"flex-basis:150%\">\n<div class=\"wp-block-group is-vertical is-content-justification-left is-layout-flex wp-container-core-group-is-layout-40dc2d6a wp-block-group-is-layout-flex\">\n<h3 id=\"api-cloud-de-la-plateforme-whatsapp-business\" class=\"wp-block-heading is-typography-preset-heading-4\">API\u00a0Cloud de la plateforme WhatsApp\u00a0Business<\/h3>\n\n\n\n<div class=\"wp-block-buttons is-vertical is-layout-flex wp-container-core-buttons-is-layout-421f0a15 wp-block-buttons-is-layout-flex\">\n<div class=\"wp-block-button is-style-arrow-link\"><a class=\"wp-block-button__link has-text-align-left has-button-sm-font-size has-custom-font-size wp-element-button\" href=\"https:\/\/www.facebook.com\/legal\/WhatsApp-Business-Platform-Cloud-API\" target=\"_blank\" rel=\"noreferrer noopener\">Conditions g\u00e9n\u00e9rales de l\u2019API Cloud de la plateforme WhatsApp Business<\/a><\/div>\n\n\n\n<div class=\"wp-block-button is-style-arrow-link\"><a class=\"wp-block-button__link has-button-sm-font-size has-custom-font-size wp-element-button\" href=\"https:\/\/www.whatsapp.com\/legal\/meta-terms-whatsapp-business\" target=\"_blank\" rel=\"noreferrer noopener\">Conditions g\u00e9n\u00e9rales de Meta pour WhatsApp\u00a0Business<\/a><\/div>\n<\/div>\n<\/div>\n<\/div>\n<\/div>\n<\/div>\n","protected":false},"excerpt":{"rendered":"<p>Conditions g\u00e9n\u00e9rales WhatsApp\u00a0Business vous permet de communiquer \u00e0 grande \u00e9chelle avec votre client\u00e8le sur son application pr\u00e9f\u00e9r\u00e9e via une plateforme de messagerie rapide et fiable. Application WhatsApp Business API\u00a0Cloud de la plateforme WhatsApp\u00a0Business<\/p>\n","protected":false},"author":14,"featured_media":5122,"parent":0,"menu_order":0,"comment_status":"closed","ping_status":"closed","template":"","meta":{"wab_page_header_cta_text":"","wab_page_header_cta_url":"","footnotes":""},"class_list":["post-6264","page","type-page","status-publish","has-post-thumbnail","hentry"],"yoast_head":"<!-- This site is optimized with the Yoast SEO Premium plugin v27.5 (Yoast SEO v27.5) - https:\/\/yoast.com\/product\/yoast-seo-premium-wordpress\/ -->\n<title>Conditions g\u00e9n\u00e9rales | WhatsApp for Business<\/title>\n<meta name=\"description\" content=\"WhatsApp\u00a0Business vous permet de communiquer \u00e0 grande \u00e9chelle avec votre client\u00e8le sur son canal pr\u00e9f\u00e9r\u00e9 via une plateforme de messagerie rapide et fiable. Veuillez lire nos Conditions g\u00e9n\u00e9rales.\" \/>\n<meta name=\"robots\" content=\"index, follow, max-snippet:-1, max-image-preview:large, max-video-preview:-1\" \/>\n<link rel=\"canonical\" href=\"https:\/\/whatsappbusiness.com\/fr\/terms-and-conditions\/\" \/>\n<meta property=\"og:locale\" content=\"fr_FR\" \/>\n<meta property=\"og:type\" content=\"article\" \/>\n<meta property=\"og:title\" content=\"Conditions g\u00e9n\u00e9rales\" \/>\n<meta property=\"og:description\" content=\"WhatsApp\u00a0Business vous permet de communiquer \u00e0 grande \u00e9chelle avec votre client\u00e8le sur son canal pr\u00e9f\u00e9r\u00e9 via une plateforme de messagerie rapide et fiable. Veuillez lire nos Conditions g\u00e9n\u00e9rales.\" \/>\n<meta property=\"og:url\" content=\"https:\/\/whatsappbusiness.com\/fr\/terms-and-conditions\/\" \/>\n<meta property=\"og:site_name\" content=\"WhatsApp for Business\" \/>\n<meta property=\"article:publisher\" content=\"https:\/\/www.facebook.com\/WhatsAppBiz\" \/>\n<meta property=\"article:modified_time\" content=\"2026-04-18T19:50:59+00:00\" \/>\n<meta property=\"og:image\" content=\"https:\/\/whatsappbusiness.com\/wp-content\/uploads\/2026\/03\/WhatsApp-for-Business-Default-Image.png\" \/>\n\t<meta property=\"og:image:width\" content=\"1200\" \/>\n\t<meta property=\"og:image:height\" content=\"630\" \/>\n\t<meta property=\"og:image:type\" content=\"image\/png\" \/>\n<meta name=\"twitter:card\" content=\"summary_large_image\" \/>\n<script type=\"application\/ld+json\" class=\"yoast-schema-graph\">{\"@context\":\"https:\\\/\\\/schema.org\",\"@graph\":[{\"@type\":\"WebPage\",\"@id\":\"https:\\\/\\\/whatsappbusiness.com\\\/fr\\\/terms-and-conditions\\\/\",\"url\":\"https:\\\/\\\/whatsappbusiness.com\\\/fr\\\/terms-and-conditions\\\/\",\"name\":\"Conditions g\u00e9n\u00e9rales | WhatsApp for Business\",\"isPartOf\":{\"@id\":\"https:\\\/\\\/whatsappbusiness.com\\\/fr\\\/#website\"},\"primaryImageOfPage\":{\"@id\":\"https:\\\/\\\/whatsappbusiness.com\\\/fr\\\/terms-and-conditions\\\/#primaryimage\"},\"image\":{\"@id\":\"https:\\\/\\\/whatsappbusiness.com\\\/fr\\\/terms-and-conditions\\\/#primaryimage\"},\"thumbnailUrl\":\"https:\\\/\\\/whatsappbusiness.com\\\/wp-content\\\/uploads\\\/2026\\\/03\\\/WhatsApp-for-Business-Default-Image.png\",\"datePublished\":\"2026-03-16T13:37:31+00:00\",\"dateModified\":\"2026-04-18T19:50:59+00:00\",\"description\":\"WhatsApp\u00a0Business vous permet de communiquer \u00e0 grande \u00e9chelle avec votre client\u00e8le sur son canal pr\u00e9f\u00e9r\u00e9 via une plateforme de messagerie rapide et fiable. Veuillez lire nos Conditions g\u00e9n\u00e9rales.\",\"breadcrumb\":{\"@id\":\"https:\\\/\\\/whatsappbusiness.com\\\/fr\\\/terms-and-conditions\\\/#breadcrumb\"},\"inLanguage\":\"fr-FR\",\"potentialAction\":[{\"@type\":\"ReadAction\",\"target\":[\"https:\\\/\\\/whatsappbusiness.com\\\/fr\\\/terms-and-conditions\\\/\"]}],\"author\":\"WhatsApp for Business\"},{\"@type\":\"ImageObject\",\"inLanguage\":\"fr-FR\",\"@id\":\"https:\\\/\\\/whatsappbusiness.com\\\/fr\\\/terms-and-conditions\\\/#primaryimage\",\"url\":\"https:\\\/\\\/whatsappbusiness.com\\\/wp-content\\\/uploads\\\/2026\\\/03\\\/WhatsApp-for-Business-Default-Image.png\",\"contentUrl\":\"https:\\\/\\\/whatsappbusiness.com\\\/wp-content\\\/uploads\\\/2026\\\/03\\\/WhatsApp-for-Business-Default-Image.png\",\"width\":1200,\"height\":630,\"caption\":\"Logo et mot-symbole de WhatsApp pour les entreprises sur l\u2019arri\u00e8re-plan vert de la marque\"},{\"@type\":\"BreadcrumbList\",\"@id\":\"https:\\\/\\\/whatsappbusiness.com\\\/fr\\\/terms-and-conditions\\\/#breadcrumb\",\"itemListElement\":[{\"@type\":\"ListItem\",\"position\":1,\"name\":\"Accueil\",\"item\":\"https:\\\/\\\/whatsappbusiness.com\\\/fr\\\/\"},{\"@type\":\"ListItem\",\"position\":2,\"name\":\"Conditions g\u00e9n\u00e9rales\"}]},{\"@type\":\"WebSite\",\"@id\":\"https:\\\/\\\/whatsappbusiness.com\\\/fr\\\/#website\",\"url\":\"https:\\\/\\\/whatsappbusiness.com\\\/fr\\\/\",\"name\":\"WhatsApp for Business\",\"description\":\"Do more with conversations\",\"publisher\":{\"@id\":\"https:\\\/\\\/whatsappbusiness.com\\\/fr\\\/#organization\"},\"potentialAction\":[{\"@type\":\"SearchAction\",\"target\":{\"@type\":\"EntryPoint\",\"urlTemplate\":\"https:\\\/\\\/whatsappbusiness.com\\\/fr\\\/?s={search_term_string}\"},\"query-input\":{\"@type\":\"PropertyValueSpecification\",\"valueRequired\":true,\"valueName\":\"search_term_string\"}}],\"inLanguage\":\"fr-FR\"},{\"@type\":\"Organization\",\"@id\":\"https:\\\/\\\/whatsappbusiness.com\\\/fr\\\/#organization\",\"name\":\"WhatsApp for Business\",\"url\":\"https:\\\/\\\/whatsappbusiness.com\\\/fr\\\/\",\"logo\":{\"@type\":\"ImageObject\",\"inLanguage\":\"fr-FR\",\"@id\":\"https:\\\/\\\/whatsappbusiness.com\\\/fr\\\/#\\\/schema\\\/logo\\\/image\\\/\",\"url\":\"https:\\\/\\\/whatsappbusiness.com\\\/wp-content\\\/uploads\\\/2026\\\/04\\\/Digital_Inline_White_RGB_2026.svg\",\"contentUrl\":\"https:\\\/\\\/whatsappbusiness.com\\\/wp-content\\\/uploads\\\/2026\\\/04\\\/Digital_Inline_White_RGB_2026.svg\",\"width\":1487,\"height\":346,\"caption\":\"WhatsApp for Business\"},\"image\":{\"@id\":\"https:\\\/\\\/whatsappbusiness.com\\\/fr\\\/#\\\/schema\\\/logo\\\/image\\\/\"},\"sameAs\":[\"https:\\\/\\\/www.facebook.com\\\/WhatsAppBiz\",\"https:\\\/\\\/www.linkedin.com\\\/showcase\\\/whatsapp-business\",\"https:\\\/\\\/www.instagram.com\\\/whatsappforbusiness\"]}]}<\/script>\n<!-- \/ Yoast SEO Premium plugin. -->","yoast_head_json":{"title":"Conditions g\u00e9n\u00e9rales | WhatsApp for Business","description":"WhatsApp\u00a0Business vous permet de communiquer \u00e0 grande \u00e9chelle avec votre client\u00e8le sur son canal pr\u00e9f\u00e9r\u00e9 via une plateforme de messagerie rapide et fiable. Veuillez lire nos Conditions g\u00e9n\u00e9rales.","robots":{"index":"index","follow":"follow","max-snippet":"max-snippet:-1","max-image-preview":"max-image-preview:large","max-video-preview":"max-video-preview:-1"},"canonical":"https:\/\/whatsappbusiness.com\/fr\/terms-and-conditions\/","og_locale":"fr_FR","og_type":"article","og_title":"Conditions g\u00e9n\u00e9rales","og_description":"WhatsApp\u00a0Business vous permet de communiquer \u00e0 grande \u00e9chelle avec votre client\u00e8le sur son canal pr\u00e9f\u00e9r\u00e9 via une plateforme de messagerie rapide et fiable. Veuillez lire nos Conditions g\u00e9n\u00e9rales.","og_url":"https:\/\/whatsappbusiness.com\/fr\/terms-and-conditions\/","og_site_name":"WhatsApp for Business","article_publisher":"https:\/\/www.facebook.com\/WhatsAppBiz","article_modified_time":"2026-04-18T19:50:59+00:00","og_image":[{"width":1200,"height":630,"url":"https:\/\/whatsappbusiness.com\/wp-content\/uploads\/2026\/03\/WhatsApp-for-Business-Default-Image.png","type":"image\/png"}],"twitter_card":"summary_large_image","schema":{"@context":"https:\/\/schema.org","@graph":[{"@type":"WebPage","@id":"https:\/\/whatsappbusiness.com\/fr\/terms-and-conditions\/","url":"https:\/\/whatsappbusiness.com\/fr\/terms-and-conditions\/","name":"Conditions g\u00e9n\u00e9rales | WhatsApp for Business","isPartOf":{"@id":"https:\/\/whatsappbusiness.com\/fr\/#website"},"primaryImageOfPage":{"@id":"https:\/\/whatsappbusiness.com\/fr\/terms-and-conditions\/#primaryimage"},"image":{"@id":"https:\/\/whatsappbusiness.com\/fr\/terms-and-conditions\/#primaryimage"},"thumbnailUrl":"https:\/\/whatsappbusiness.com\/wp-content\/uploads\/2026\/03\/WhatsApp-for-Business-Default-Image.png","datePublished":"2026-03-16T13:37:31+00:00","dateModified":"2026-04-18T19:50:59+00:00","description":"WhatsApp\u00a0Business vous permet de communiquer \u00e0 grande \u00e9chelle avec votre client\u00e8le sur son canal pr\u00e9f\u00e9r\u00e9 via une plateforme de messagerie rapide et fiable. Veuillez lire nos Conditions g\u00e9n\u00e9rales.","breadcrumb":{"@id":"https:\/\/whatsappbusiness.com\/fr\/terms-and-conditions\/#breadcrumb"},"inLanguage":"fr-FR","potentialAction":[{"@type":"ReadAction","target":["https:\/\/whatsappbusiness.com\/fr\/terms-and-conditions\/"]}],"author":"WhatsApp for Business"},{"@type":"ImageObject","inLanguage":"fr-FR","@id":"https:\/\/whatsappbusiness.com\/fr\/terms-and-conditions\/#primaryimage","url":"https:\/\/whatsappbusiness.com\/wp-content\/uploads\/2026\/03\/WhatsApp-for-Business-Default-Image.png","contentUrl":"https:\/\/whatsappbusiness.com\/wp-content\/uploads\/2026\/03\/WhatsApp-for-Business-Default-Image.png","width":1200,"height":630,"caption":"Logo et mot-symbole de WhatsApp pour les entreprises sur l\u2019arri\u00e8re-plan vert de la marque"},{"@type":"BreadcrumbList","@id":"https:\/\/whatsappbusiness.com\/fr\/terms-and-conditions\/#breadcrumb","itemListElement":[{"@type":"ListItem","position":1,"name":"Accueil","item":"https:\/\/whatsappbusiness.com\/fr\/"},{"@type":"ListItem","position":2,"name":"Conditions g\u00e9n\u00e9rales"}]},{"@type":"WebSite","@id":"https:\/\/whatsappbusiness.com\/fr\/#website","url":"https:\/\/whatsappbusiness.com\/fr\/","name":"WhatsApp for Business","description":"Do more with conversations","publisher":{"@id":"https:\/\/whatsappbusiness.com\/fr\/#organization"},"potentialAction":[{"@type":"SearchAction","target":{"@type":"EntryPoint","urlTemplate":"https:\/\/whatsappbusiness.com\/fr\/?s={search_term_string}"},"query-input":{"@type":"PropertyValueSpecification","valueRequired":true,"valueName":"search_term_string"}}],"inLanguage":"fr-FR"},{"@type":"Organization","@id":"https:\/\/whatsappbusiness.com\/fr\/#organization","name":"WhatsApp for Business","url":"https:\/\/whatsappbusiness.com\/fr\/","logo":{"@type":"ImageObject","inLanguage":"fr-FR","@id":"https:\/\/whatsappbusiness.com\/fr\/#\/schema\/logo\/image\/","url":"https:\/\/whatsappbusiness.com\/wp-content\/uploads\/2026\/04\/Digital_Inline_White_RGB_2026.svg","contentUrl":"https:\/\/whatsappbusiness.com\/wp-content\/uploads\/2026\/04\/Digital_Inline_White_RGB_2026.svg","width":1487,"height":346,"caption":"WhatsApp for Business"},"image":{"@id":"https:\/\/whatsappbusiness.com\/fr\/#\/schema\/logo\/image\/"},"sameAs":["https:\/\/www.facebook.com\/WhatsAppBiz","https:\/\/www.linkedin.com\/showcase\/whatsapp-business","https:\/\/www.instagram.com\/whatsappforbusiness"]}]}},"parsely":{"version":"1.1.0","canonical_url":"https:\/\/whatsappbusiness.com\/fr\/terms-and-conditions\/","smart_links":{"inbound":0,"outbound":0},"traffic_boost_suggestions_count":0,"meta":{"@context":"https:\/\/schema.org","@type":"WebPage","headline":"Conditions g\u00e9n\u00e9rales","url":"http:\/\/whatsappbusiness.com\/fr\/terms-and-conditions\/","mainEntityOfPage":{"@type":"WebPage","@id":"http:\/\/whatsappbusiness.com\/fr\/terms-and-conditions\/"},"thumbnailUrl":"https:\/\/whatsappbusiness.com\/wp-content\/uploads\/2026\/03\/WhatsApp-for-Business-Default-Image.png?w=150&h=150&crop=1","image":{"@type":"ImageObject","url":"https:\/\/whatsappbusiness.com\/wp-content\/uploads\/2026\/03\/WhatsApp-for-Business-Default-Image.png"},"articleSection":"Non class\u00e9","author":[{"@type":"Person","name":"fabiankaegy"}],"creator":["fabiankaegy"],"publisher":{"@type":"Organization","name":"WhatsApp for Business","logo":"https:\/\/whatsappbusiness.com\/wp-content\/uploads\/2026\/04\/Digital_Inline_White_RGB_2026.svg"},"keywords":[],"dateCreated":"2026-03-16T13:37:31Z","datePublished":"2026-03-16T13:37:31Z","dateModified":"2026-04-18T19:50:59Z"},"rendered":"<script type=\"application\/ld+json\" class=\"wp-parsely-metadata\">{\"@context\":\"https:\\\/\\\/schema.org\",\"@type\":\"WebPage\",\"headline\":\"Conditions g\\u00e9n\\u00e9rales\",\"url\":\"http:\\\/\\\/whatsappbusiness.com\\\/fr\\\/terms-and-conditions\\\/\",\"mainEntityOfPage\":{\"@type\":\"WebPage\",\"@id\":\"http:\\\/\\\/whatsappbusiness.com\\\/fr\\\/terms-and-conditions\\\/\"},\"thumbnailUrl\":\"https:\\\/\\\/whatsappbusiness.com\\\/wp-content\\\/uploads\\\/2026\\\/03\\\/WhatsApp-for-Business-Default-Image.png?w=150&h=150&crop=1\",\"image\":{\"@type\":\"ImageObject\",\"url\":\"https:\\\/\\\/whatsappbusiness.com\\\/wp-content\\\/uploads\\\/2026\\\/03\\\/WhatsApp-for-Business-Default-Image.png\"},\"articleSection\":\"Non class\\u00e9\",\"author\":[{\"@type\":\"Person\",\"name\":\"fabiankaegy\"}],\"creator\":[\"fabiankaegy\"],\"publisher\":{\"@type\":\"Organization\",\"name\":\"WhatsApp for Business\",\"logo\":\"https:\\\/\\\/whatsappbusiness.com\\\/wp-content\\\/uploads\\\/2026\\\/04\\\/Digital_Inline_White_RGB_2026.svg\"},\"keywords\":[],\"dateCreated\":\"2026-03-16T13:37:31Z\",\"datePublished\":\"2026-03-16T13:37:31Z\",\"dateModified\":\"2026-04-18T19:50:59Z\"}<\/script>","tracker_url":"https:\/\/cdn.parsely.com\/keys\/whatsappbusiness.com\/p.js"},"_links":{"self":[{"href":"https:\/\/whatsappbusiness.com\/fr\/wp-json\/wp\/v2\/pages\/6264","targetHints":{"allow":["GET"]}}],"collection":[{"href":"https:\/\/whatsappbusiness.com\/fr\/wp-json\/wp\/v2\/pages"}],"about":[{"href":"https:\/\/whatsappbusiness.com\/fr\/wp-json\/wp\/v2\/types\/page"}],"author":[{"embeddable":true,"href":"https:\/\/whatsappbusiness.com\/fr\/wp-json\/wp\/v2\/users\/14"}],"replies":[{"embeddable":true,"href":"https:\/\/whatsappbusiness.com\/fr\/wp-json\/wp\/v2\/comments?post=6264"}],"version-history":[{"count":3,"href":"https:\/\/whatsappbusiness.com\/fr\/wp-json\/wp\/v2\/pages\/6264\/revisions"}],"predecessor-version":[{"id":9191,"href":"https:\/\/whatsappbusiness.com\/fr\/wp-json\/wp\/v2\/pages\/6264\/revisions\/9191"}],"wp:featuredmedia":[{"embeddable":true,"href":"https:\/\/whatsappbusiness.com\/fr\/wp-json\/wp\/v2\/media\/5122"}],"wp:attachment":[{"href":"https:\/\/whatsappbusiness.com\/fr\/wp-json\/wp\/v2\/media?parent=6264"}],"curies":[{"name":"wp","href":"https:\/\/api.w.org\/{rel}","templated":true}]}}