{"id":7906,"date":"2026-03-29T20:26:00","date_gmt":"2026-03-30T00:26:00","guid":{"rendered":"https:\/\/whatsappbusiness.com\/confiance-et-securite\/"},"modified":"2026-04-30T02:46:59","modified_gmt":"2026-04-30T06:46:59","slug":"trust-and-safety","status":"publish","type":"page","link":"https:\/\/whatsappbusiness.com\/fr\/trust-and-safety\/","title":{"rendered":"Confiance et s\u00e9curit\u00e9"},"content":{"rendered":"\n<div class=\"wp-block-group alignfull is-style-surface-dark-green wp-pattern-hero-text-only has-global-padding is-layout-constrained wp-block-group-is-layout-constrained is-style-surface-dark-green--1\">\n<div class=\"wp-block-group alignwide wp-pattern-hero-text-only__content is-vertical is-content-justification-left is-layout-flex wp-container-core-group-is-layout-d03b967c wp-block-group-is-layout-flex\">\n<div class=\"wp-block-group is-vertical is-layout-flex wp-container-core-group-is-layout-26157a64 wp-block-group-is-layout-flex\">\n<h1 id=\"confiance-et-securite\" class=\"wp-block-heading is-typography-preset-heading-1 has-brand-green-color has-text-color\">Confiance et s\u00e9curit\u00e9<\/h1>\n<\/div>\n\n\n\n<div class=\"wp-block-group has-global-padding is-layout-constrained wp-container-core-group-is-layout-1ba8f67d wp-block-group-is-layout-constrained\" style=\"padding-right:var(--wp--preset--spacing--0);padding-left:var(--wp--preset--spacing--0)\">\n<p class=\"is-typography-preset-body-lg wp-block-paragraph\">Apprenez-en davantage sur nos pratiques en mati\u00e8re de confidentialit\u00e9, de s\u00e9curit\u00e9 et de conformit\u00e9, et d\u00e9couvrez comment la plateforme WhatsApp Business assure la s\u00e9curit\u00e9 de vos donn\u00e9es.<\/p>\n<\/div>\n\n\n\n<div class=\"wp-block-buttons is-layout-flex wp-block-buttons-is-layout-flex\">\n<div class=\"wp-block-button is-style-default\"><a data-ms=\"{&quot;creative&quot;:&quot;button&quot;,&quot;creative_detail&quot;:&quot;LearnMore_LearnMore_Hero_Button&quot;}\" class=\"wp-block-button__link wp-element-button\" href=\"https:\/\/whatsappbusiness.com\/fr\/learn-more\/\">En savoir plus<\/a><\/div>\n<\/div>\n<\/div>\n<\/div>\n\n<div class=\"wp-block-group alignfull is-style-surface-primary wp-pattern-content-centered-text has-global-padding is-layout-constrained wp-block-group-is-layout-constrained is-style-surface-primary--2\">\n<h2 id=\"confidentialite-des-donnees-et-securite-par-design\" class=\"wp-block-heading has-text-align-left is-typography-preset-heading-2\" style=\"margin-bottom:var(--wp--preset--spacing--32-56)\">Confidentialit\u00e9 des donn\u00e9es et s\u00e9curit\u00e9 par design<\/h2>\n\n\n\n<h3 id=\"confidentialite\" class=\"wp-block-heading\">Confidentialit\u00e9<\/h3>\n\n\n\n<p class=\"wp-block-paragraph\">Tous les messages WhatsApp, y compris les messages entre particuliers et entreprises, sont prot\u00e9g\u00e9s par le protocole de chiffrement de Signal, leader du march\u00e9, qui prot\u00e8ge les messages avant leur envoi et jusqu\u2019\u00e0 leur remise.<\/p>\n\n\n\n<h3 id=\"securite\" class=\"wp-block-heading\">S\u00e9curit\u00e9<\/h3>\n\n\n\n<p class=\"wp-block-paragraph\">La plateforme WhatsApp Business est prot\u00e9g\u00e9e par des personnes, des processus et des syst\u00e8mes de s\u00e9curit\u00e9 technologiques qui assurent la confidentialit\u00e9 et la s\u00e9curit\u00e9 des donn\u00e9es de la client\u00e8le. L\u2019API Cloud est h\u00e9berg\u00e9e par Meta. Meta utilise <a href=\"https:\/\/about.fb.com\/news\/2019\/01\/designing-security-for-billions\" target=\"_blank\" rel=\"noreferrer noopener\" data-creative-detail=\"FBDesigningSecurityBillions_DefenseInDepth_Security_InlineLink\" data-creative-type=\"link\" data-ms=\"{&quot;creative&quot;:&quot;link&quot;,&quot;creative_detail&quot;:&quot;FBDesigningSecurityBillions_DefenseInDepth_Security_InlineLink&quot;}\">Defense in Depth<\/a>, ce qui signifie que nous superposons plusieurs m\u00e9canismes de protection pour veiller \u00e0 pr\u00e9venir et \u00e0 traiter les vuln\u00e9rabilit\u00e9s de notre code en prenant en compte diff\u00e9rents aspects. La protection des donn\u00e9es de notre client\u00e8le compte beaucoup pour nous. Nous d\u00e9veloppons l\u2019API Cloud \u00e0 travers le prisme de la s\u00e9curit\u00e9.<\/p>\n\n\n\n<h3 id=\"certifications\" class=\"wp-block-heading\">Certifications<\/h3>\n\n\n\n<p class=\"wp-block-paragraph\">L\u2019API Cloud est certifi\u00e9e SOC\u00a02 et maintient une gouvernance stricte pour garantir le traitement appropri\u00e9 des donn\u00e9es. Nous effectuons \u00e9galement des tests d\u2019intrusion r\u00e9guliers et documentons nos contr\u00f4les au moyen du questionnaire CAIQ (Consensus Assessment Initiative Questionnaire) de la Cloud Security Alliance.<\/p>\n\n\n\n<h3 id=\"conformite\" class=\"wp-block-heading\">Conformit\u00e9<\/h3>\n\n\n\n<p class=\"wp-block-paragraph\">Meta prend la protection des donn\u00e9es et la confidentialit\u00e9 tr\u00e8s au s\u00e9rieux\u00a0; nous nous engageons ainsi \u00e0 continuer \u00e0 respecter les lois sur la protection des donn\u00e9es. La plateforme WhatsApp Business permet \u00e0 notre client\u00e8le de continuer \u00e0 respecter ses obligations en vertu du r\u00e8glement g\u00e9n\u00e9ral sur la protection des donn\u00e9es (RGPD). Meta se conforme aux crit\u00e8res l\u00e9gaux, professionnels et r\u00e9glementaires applicables, ainsi qu\u2019aux meilleures pratiques du secteur. <a href=\"https:\/\/www.facebook.com\/business\/news\/facebooks-commitment-to-data-protection-and-privacy-in-compliance-with-the-gdpr\" target=\"_blank\" rel=\"noreferrer noopener\" data-creative-detail=\"FBFacebooksCommitmentToDataProtectionAndPrivacyInComplianceWithTheGDPR_SeeMore_Compliance_InlineLink\" data-creative-type=\"link\" data-ms=\"{&quot;creative&quot;:&quot;link&quot;,&quot;creative_detail&quot;:&quot;FBFacebooksCommitmentToDataProtectionAndPrivacyInComplianceWithTheGDPR_SeeMore_Compliance_InlineLink&quot;}\">En savoir plus.<\/a><\/p>\n<\/div>\n\n<div class=\"wp-block-group alignfull is-style-surface-light-green has-global-padding is-layout-constrained wp-block-group-is-layout-constrained is-style-surface-light-green--3\" style=\"padding-top:var(--wp--preset--spacing--0);padding-bottom:var(--wp--preset--spacing--0)\">\n<div class=\"wp-block-group alignwide is-style-surface-light-green has-global-padding is-layout-constrained wp-container-core-group-is-layout-71f05ff6 wp-block-group-is-layout-constrained is-style-surface-light-green--4\" style=\"border-radius:25px\">\n<h2 id=\"ressources-supplementaires\" class=\"wp-block-heading has-text-align-center is-typography-preset-heading-1 is-typography-preset-heading-2\">Ressources suppl\u00e9mentaires<\/h2>\n\n\n\n<div class=\"wp-block-buttons is-content-justification-center is-layout-flex wp-container-core-buttons-is-layout-aebcc133 wp-block-buttons-is-layout-flex\">\n<div class=\"wp-block-button is-style-arrow-link\"><a class=\"wp-block-button__link wp-element-button\" href=\"https:\/\/whatsappbusiness.com\/fr\/resources\/faq\/\">Questions\/r\u00e9ponses sur la confidentialit\u00e9<\/a><\/div>\n\n\n\n<div class=\"wp-block-button is-style-arrow-link\"><a class=\"wp-block-button__link wp-element-button\" href=\"https:\/\/www.facebook.com\/business\/f\/549322723470743\" target=\"_blank\" rel=\"noreferrer noopener\">Livre blanc sur la s\u00e9curit\u00e9<\/a><\/div>\n\n\n\n<div class=\"wp-block-button is-style-arrow-link\"><a class=\"wp-block-button__link wp-element-button\" href=\"https:\/\/status.fb.com\/whatsapp-business-api\" target=\"_blank\" rel=\"noreferrer noopener\">Statut et disponibilit\u00e9<\/a><\/div>\n<\/div>\n<\/div>\n<\/div>\n","protected":false},"excerpt":{"rendered":"<p>Confiance et s\u00e9curit\u00e9 Apprenez-en davantage sur nos pratiques en mati\u00e8re de confidentialit\u00e9, de s\u00e9curit\u00e9 et de conformit\u00e9, et d\u00e9couvrez comment la plateforme WhatsApp Business assure la s\u00e9curit\u00e9 de vos donn\u00e9es. Confidentialit\u00e9 des donn\u00e9es et s\u00e9curit\u00e9 par design Confidentialit\u00e9 Tous les messages WhatsApp, y compris les messages entre particuliers et entreprises, sont prot\u00e9g\u00e9s par le protocole [&hellip;]<\/p>\n","protected":false},"author":12,"featured_media":5122,"parent":0,"menu_order":0,"comment_status":"closed","ping_status":"closed","template":"","meta":{"wab_page_header_cta_text":"","wab_page_header_cta_url":"","footnotes":""},"class_list":["post-7906","page","type-page","status-publish","has-post-thumbnail","hentry"],"yoast_head":"<!-- This site is optimized with the Yoast SEO Premium plugin v27.5 (Yoast SEO v27.5) - https:\/\/yoast.com\/product\/yoast-seo-premium-wordpress\/ -->\n<title>Confiance et s\u00e9curit\u00e9 | WhatsApp for Business<\/title>\n<meta name=\"description\" content=\"Apprenez-en davantage sur nos pratiques en mati\u00e8re de confidentialit\u00e9, de s\u00e9curit\u00e9 et de conformit\u00e9, et d\u00e9couvrez comment la plateforme WhatsApp Business assure la s\u00e9curit\u00e9 de vos donn\u00e9es. Lire la suite.\" \/>\n<meta name=\"robots\" content=\"index, follow, max-snippet:-1, max-image-preview:large, max-video-preview:-1\" \/>\n<link rel=\"canonical\" href=\"https:\/\/whatsappbusiness.com\/fr\/trust-and-safety\/\" \/>\n<meta property=\"og:locale\" content=\"fr_FR\" \/>\n<meta property=\"og:type\" content=\"article\" \/>\n<meta property=\"og:title\" content=\"Confiance et s\u00e9curit\u00e9\" \/>\n<meta property=\"og:description\" content=\"Apprenez-en davantage sur nos pratiques en mati\u00e8re de confidentialit\u00e9, de s\u00e9curit\u00e9 et de conformit\u00e9, et d\u00e9couvrez comment la plateforme WhatsApp Business assure la s\u00e9curit\u00e9 de vos donn\u00e9es. Lire la suite.\" \/>\n<meta property=\"og:url\" content=\"https:\/\/whatsappbusiness.com\/fr\/trust-and-safety\/\" \/>\n<meta property=\"og:site_name\" content=\"WhatsApp for Business\" \/>\n<meta property=\"article:publisher\" content=\"https:\/\/www.facebook.com\/WhatsAppBiz\" \/>\n<meta property=\"article:modified_time\" content=\"2026-04-30T06:46:59+00:00\" \/>\n<meta property=\"og:image\" content=\"https:\/\/whatsappbusiness.com\/wp-content\/uploads\/2026\/03\/WhatsApp-for-Business-Default-Image.png\" \/>\n\t<meta property=\"og:image:width\" content=\"1200\" \/>\n\t<meta property=\"og:image:height\" content=\"630\" \/>\n\t<meta property=\"og:image:type\" content=\"image\/png\" \/>\n<meta name=\"twitter:card\" content=\"summary_large_image\" \/>\n<meta name=\"twitter:label1\" content=\"Est. reading time\" \/>\n\t<meta name=\"twitter:data1\" content=\"2 minutes\" \/>\n<script type=\"application\/ld+json\" class=\"yoast-schema-graph\">{\"@context\":\"https:\\\/\\\/schema.org\",\"@graph\":[{\"@type\":\"WebPage\",\"@id\":\"https:\\\/\\\/whatsappbusiness.com\\\/fr\\\/trust-and-safety\\\/\",\"url\":\"https:\\\/\\\/whatsappbusiness.com\\\/fr\\\/trust-and-safety\\\/\",\"name\":\"Confiance et s\u00e9curit\u00e9 | WhatsApp for Business\",\"isPartOf\":{\"@id\":\"https:\\\/\\\/whatsappbusiness.com\\\/fr\\\/#website\"},\"primaryImageOfPage\":{\"@id\":\"https:\\\/\\\/whatsappbusiness.com\\\/fr\\\/trust-and-safety\\\/#primaryimage\"},\"image\":{\"@id\":\"https:\\\/\\\/whatsappbusiness.com\\\/fr\\\/trust-and-safety\\\/#primaryimage\"},\"thumbnailUrl\":\"https:\\\/\\\/whatsappbusiness.com\\\/wp-content\\\/uploads\\\/2026\\\/03\\\/WhatsApp-for-Business-Default-Image.png\",\"datePublished\":\"2026-03-30T00:26:00+00:00\",\"dateModified\":\"2026-04-30T06:46:59+00:00\",\"description\":\"Apprenez-en davantage sur nos pratiques en mati\u00e8re de confidentialit\u00e9, de s\u00e9curit\u00e9 et de conformit\u00e9, et d\u00e9couvrez comment la plateforme WhatsApp Business assure la s\u00e9curit\u00e9 de vos donn\u00e9es. Lire la suite.\",\"breadcrumb\":{\"@id\":\"https:\\\/\\\/whatsappbusiness.com\\\/fr\\\/trust-and-safety\\\/#breadcrumb\"},\"inLanguage\":\"fr-FR\",\"potentialAction\":[{\"@type\":\"ReadAction\",\"target\":[\"https:\\\/\\\/whatsappbusiness.com\\\/fr\\\/trust-and-safety\\\/\"]}],\"author\":\"WhatsApp for Business\"},{\"@type\":\"ImageObject\",\"inLanguage\":\"fr-FR\",\"@id\":\"https:\\\/\\\/whatsappbusiness.com\\\/fr\\\/trust-and-safety\\\/#primaryimage\",\"url\":\"https:\\\/\\\/whatsappbusiness.com\\\/wp-content\\\/uploads\\\/2026\\\/03\\\/WhatsApp-for-Business-Default-Image.png\",\"contentUrl\":\"https:\\\/\\\/whatsappbusiness.com\\\/wp-content\\\/uploads\\\/2026\\\/03\\\/WhatsApp-for-Business-Default-Image.png\",\"width\":1200,\"height\":630,\"caption\":\"Logo et mot-symbole de WhatsApp pour les entreprises sur l\u2019arri\u00e8re-plan vert de la marque\"},{\"@type\":\"BreadcrumbList\",\"@id\":\"https:\\\/\\\/whatsappbusiness.com\\\/fr\\\/trust-and-safety\\\/#breadcrumb\",\"itemListElement\":[{\"@type\":\"ListItem\",\"position\":1,\"name\":\"Accueil\",\"item\":\"https:\\\/\\\/whatsappbusiness.com\\\/fr\\\/\"},{\"@type\":\"ListItem\",\"position\":2,\"name\":\"Confiance et s\u00e9curit\u00e9\"}]},{\"@type\":\"WebSite\",\"@id\":\"https:\\\/\\\/whatsappbusiness.com\\\/fr\\\/#website\",\"url\":\"https:\\\/\\\/whatsappbusiness.com\\\/fr\\\/\",\"name\":\"WhatsApp for Business\",\"description\":\"Do more with conversations\",\"publisher\":{\"@id\":\"https:\\\/\\\/whatsappbusiness.com\\\/fr\\\/#organization\"},\"potentialAction\":[{\"@type\":\"SearchAction\",\"target\":{\"@type\":\"EntryPoint\",\"urlTemplate\":\"https:\\\/\\\/whatsappbusiness.com\\\/fr\\\/?s={search_term_string}\"},\"query-input\":{\"@type\":\"PropertyValueSpecification\",\"valueRequired\":true,\"valueName\":\"search_term_string\"}}],\"inLanguage\":\"fr-FR\"},{\"@type\":\"Organization\",\"@id\":\"https:\\\/\\\/whatsappbusiness.com\\\/fr\\\/#organization\",\"name\":\"WhatsApp for Business\",\"url\":\"https:\\\/\\\/whatsappbusiness.com\\\/fr\\\/\",\"logo\":{\"@type\":\"ImageObject\",\"inLanguage\":\"fr-FR\",\"@id\":\"https:\\\/\\\/whatsappbusiness.com\\\/fr\\\/#\\\/schema\\\/logo\\\/image\\\/\",\"url\":\"https:\\\/\\\/whatsappbusiness.com\\\/wp-content\\\/uploads\\\/2026\\\/04\\\/Digital_Inline_White_RGB_2026.svg\",\"contentUrl\":\"https:\\\/\\\/whatsappbusiness.com\\\/wp-content\\\/uploads\\\/2026\\\/04\\\/Digital_Inline_White_RGB_2026.svg\",\"width\":1487,\"height\":346,\"caption\":\"WhatsApp for Business\"},\"image\":{\"@id\":\"https:\\\/\\\/whatsappbusiness.com\\\/fr\\\/#\\\/schema\\\/logo\\\/image\\\/\"},\"sameAs\":[\"https:\\\/\\\/www.facebook.com\\\/WhatsAppBiz\",\"https:\\\/\\\/www.linkedin.com\\\/showcase\\\/whatsapp-business\",\"https:\\\/\\\/www.instagram.com\\\/whatsappforbusiness\"]}]}<\/script>\n<!-- \/ Yoast SEO Premium plugin. -->","yoast_head_json":{"title":"Confiance et s\u00e9curit\u00e9 | WhatsApp for Business","description":"Apprenez-en davantage sur nos pratiques en mati\u00e8re de confidentialit\u00e9, de s\u00e9curit\u00e9 et de conformit\u00e9, et d\u00e9couvrez comment la plateforme WhatsApp Business assure la s\u00e9curit\u00e9 de vos donn\u00e9es. Lire la suite.","robots":{"index":"index","follow":"follow","max-snippet":"max-snippet:-1","max-image-preview":"max-image-preview:large","max-video-preview":"max-video-preview:-1"},"canonical":"https:\/\/whatsappbusiness.com\/fr\/trust-and-safety\/","og_locale":"fr_FR","og_type":"article","og_title":"Confiance et s\u00e9curit\u00e9","og_description":"Apprenez-en davantage sur nos pratiques en mati\u00e8re de confidentialit\u00e9, de s\u00e9curit\u00e9 et de conformit\u00e9, et d\u00e9couvrez comment la plateforme WhatsApp Business assure la s\u00e9curit\u00e9 de vos donn\u00e9es. Lire la suite.","og_url":"https:\/\/whatsappbusiness.com\/fr\/trust-and-safety\/","og_site_name":"WhatsApp for Business","article_publisher":"https:\/\/www.facebook.com\/WhatsAppBiz","article_modified_time":"2026-04-30T06:46:59+00:00","og_image":[{"width":1200,"height":630,"url":"https:\/\/whatsappbusiness.com\/wp-content\/uploads\/2026\/03\/WhatsApp-for-Business-Default-Image.png","type":"image\/png"}],"twitter_card":"summary_large_image","twitter_misc":{"Est. reading time":"2 minutes"},"schema":{"@context":"https:\/\/schema.org","@graph":[{"@type":"WebPage","@id":"https:\/\/whatsappbusiness.com\/fr\/trust-and-safety\/","url":"https:\/\/whatsappbusiness.com\/fr\/trust-and-safety\/","name":"Confiance et s\u00e9curit\u00e9 | WhatsApp for Business","isPartOf":{"@id":"https:\/\/whatsappbusiness.com\/fr\/#website"},"primaryImageOfPage":{"@id":"https:\/\/whatsappbusiness.com\/fr\/trust-and-safety\/#primaryimage"},"image":{"@id":"https:\/\/whatsappbusiness.com\/fr\/trust-and-safety\/#primaryimage"},"thumbnailUrl":"https:\/\/whatsappbusiness.com\/wp-content\/uploads\/2026\/03\/WhatsApp-for-Business-Default-Image.png","datePublished":"2026-03-30T00:26:00+00:00","dateModified":"2026-04-30T06:46:59+00:00","description":"Apprenez-en davantage sur nos pratiques en mati\u00e8re de confidentialit\u00e9, de s\u00e9curit\u00e9 et de conformit\u00e9, et d\u00e9couvrez comment la plateforme WhatsApp Business assure la s\u00e9curit\u00e9 de vos donn\u00e9es. Lire la suite.","breadcrumb":{"@id":"https:\/\/whatsappbusiness.com\/fr\/trust-and-safety\/#breadcrumb"},"inLanguage":"fr-FR","potentialAction":[{"@type":"ReadAction","target":["https:\/\/whatsappbusiness.com\/fr\/trust-and-safety\/"]}],"author":"WhatsApp for Business"},{"@type":"ImageObject","inLanguage":"fr-FR","@id":"https:\/\/whatsappbusiness.com\/fr\/trust-and-safety\/#primaryimage","url":"https:\/\/whatsappbusiness.com\/wp-content\/uploads\/2026\/03\/WhatsApp-for-Business-Default-Image.png","contentUrl":"https:\/\/whatsappbusiness.com\/wp-content\/uploads\/2026\/03\/WhatsApp-for-Business-Default-Image.png","width":1200,"height":630,"caption":"Logo et mot-symbole de WhatsApp pour les entreprises sur l\u2019arri\u00e8re-plan vert de la marque"},{"@type":"BreadcrumbList","@id":"https:\/\/whatsappbusiness.com\/fr\/trust-and-safety\/#breadcrumb","itemListElement":[{"@type":"ListItem","position":1,"name":"Accueil","item":"https:\/\/whatsappbusiness.com\/fr\/"},{"@type":"ListItem","position":2,"name":"Confiance et s\u00e9curit\u00e9"}]},{"@type":"WebSite","@id":"https:\/\/whatsappbusiness.com\/fr\/#website","url":"https:\/\/whatsappbusiness.com\/fr\/","name":"WhatsApp for Business","description":"Do more with conversations","publisher":{"@id":"https:\/\/whatsappbusiness.com\/fr\/#organization"},"potentialAction":[{"@type":"SearchAction","target":{"@type":"EntryPoint","urlTemplate":"https:\/\/whatsappbusiness.com\/fr\/?s={search_term_string}"},"query-input":{"@type":"PropertyValueSpecification","valueRequired":true,"valueName":"search_term_string"}}],"inLanguage":"fr-FR"},{"@type":"Organization","@id":"https:\/\/whatsappbusiness.com\/fr\/#organization","name":"WhatsApp for Business","url":"https:\/\/whatsappbusiness.com\/fr\/","logo":{"@type":"ImageObject","inLanguage":"fr-FR","@id":"https:\/\/whatsappbusiness.com\/fr\/#\/schema\/logo\/image\/","url":"https:\/\/whatsappbusiness.com\/wp-content\/uploads\/2026\/04\/Digital_Inline_White_RGB_2026.svg","contentUrl":"https:\/\/whatsappbusiness.com\/wp-content\/uploads\/2026\/04\/Digital_Inline_White_RGB_2026.svg","width":1487,"height":346,"caption":"WhatsApp for Business"},"image":{"@id":"https:\/\/whatsappbusiness.com\/fr\/#\/schema\/logo\/image\/"},"sameAs":["https:\/\/www.facebook.com\/WhatsAppBiz","https:\/\/www.linkedin.com\/showcase\/whatsapp-business","https:\/\/www.instagram.com\/whatsappforbusiness"]}]}},"parsely":{"version":"1.1.0","canonical_url":"https:\/\/whatsappbusiness.com\/fr\/trust-and-safety\/","smart_links":{"inbound":0,"outbound":0},"traffic_boost_suggestions_count":0,"meta":{"@context":"https:\/\/schema.org","@type":"WebPage","headline":"Confiance et s\u00e9curit\u00e9","url":"http:\/\/whatsappbusiness.com\/fr\/trust-and-safety\/","mainEntityOfPage":{"@type":"WebPage","@id":"http:\/\/whatsappbusiness.com\/fr\/trust-and-safety\/"},"thumbnailUrl":"https:\/\/whatsappbusiness.com\/wp-content\/uploads\/2026\/03\/WhatsApp-for-Business-Default-Image.png?w=150&h=150&crop=1","image":{"@type":"ImageObject","url":"https:\/\/whatsappbusiness.com\/wp-content\/uploads\/2026\/03\/WhatsApp-for-Business-Default-Image.png"},"articleSection":"Non class\u00e9","author":[{"@type":"Person","name":"diannegillespie"}],"creator":["diannegillespie"],"publisher":{"@type":"Organization","name":"WhatsApp for Business","logo":"https:\/\/whatsappbusiness.com\/wp-content\/uploads\/2026\/04\/Digital_Inline_White_RGB_2026.svg"},"keywords":[],"dateCreated":"2026-03-30T00:26:00Z","datePublished":"2026-03-30T00:26:00Z","dateModified":"2026-04-30T06:46:59Z"},"rendered":"<script type=\"application\/ld+json\" class=\"wp-parsely-metadata\">{\"@context\":\"https:\\\/\\\/schema.org\",\"@type\":\"WebPage\",\"headline\":\"Confiance et s\\u00e9curit\\u00e9\",\"url\":\"http:\\\/\\\/whatsappbusiness.com\\\/fr\\\/trust-and-safety\\\/\",\"mainEntityOfPage\":{\"@type\":\"WebPage\",\"@id\":\"http:\\\/\\\/whatsappbusiness.com\\\/fr\\\/trust-and-safety\\\/\"},\"thumbnailUrl\":\"https:\\\/\\\/whatsappbusiness.com\\\/wp-content\\\/uploads\\\/2026\\\/03\\\/WhatsApp-for-Business-Default-Image.png?w=150&h=150&crop=1\",\"image\":{\"@type\":\"ImageObject\",\"url\":\"https:\\\/\\\/whatsappbusiness.com\\\/wp-content\\\/uploads\\\/2026\\\/03\\\/WhatsApp-for-Business-Default-Image.png\"},\"articleSection\":\"Non class\\u00e9\",\"author\":[{\"@type\":\"Person\",\"name\":\"diannegillespie\"}],\"creator\":[\"diannegillespie\"],\"publisher\":{\"@type\":\"Organization\",\"name\":\"WhatsApp for Business\",\"logo\":\"https:\\\/\\\/whatsappbusiness.com\\\/wp-content\\\/uploads\\\/2026\\\/04\\\/Digital_Inline_White_RGB_2026.svg\"},\"keywords\":[],\"dateCreated\":\"2026-03-30T00:26:00Z\",\"datePublished\":\"2026-03-30T00:26:00Z\",\"dateModified\":\"2026-04-30T06:46:59Z\"}<\/script>","tracker_url":"https:\/\/cdn.parsely.com\/keys\/whatsappbusiness.com\/p.js"},"_links":{"self":[{"href":"https:\/\/whatsappbusiness.com\/fr\/wp-json\/wp\/v2\/pages\/7906","targetHints":{"allow":["GET"]}}],"collection":[{"href":"https:\/\/whatsappbusiness.com\/fr\/wp-json\/wp\/v2\/pages"}],"about":[{"href":"https:\/\/whatsappbusiness.com\/fr\/wp-json\/wp\/v2\/types\/page"}],"author":[{"embeddable":true,"href":"https:\/\/whatsappbusiness.com\/fr\/wp-json\/wp\/v2\/users\/12"}],"replies":[{"embeddable":true,"href":"https:\/\/whatsappbusiness.com\/fr\/wp-json\/wp\/v2\/comments?post=7906"}],"version-history":[{"count":2,"href":"https:\/\/whatsappbusiness.com\/fr\/wp-json\/wp\/v2\/pages\/7906\/revisions"}],"predecessor-version":[{"id":14756,"href":"https:\/\/whatsappbusiness.com\/fr\/wp-json\/wp\/v2\/pages\/7906\/revisions\/14756"}],"wp:featuredmedia":[{"embeddable":true,"href":"https:\/\/whatsappbusiness.com\/fr\/wp-json\/wp\/v2\/media\/5122"}],"wp:attachment":[{"href":"https:\/\/whatsappbusiness.com\/fr\/wp-json\/wp\/v2\/media?parent=7906"}],"curies":[{"name":"wp","href":"https:\/\/api.w.org\/{rel}","templated":true}]}}