{"id":6442,"date":"2026-03-16T09:39:12","date_gmt":"2026-03-16T13:39:12","guid":{"rendered":"https:\/\/whatsappbusiness.com\/annonser-i-status-og-kanaler\/"},"modified":"2026-04-30T02:44:25","modified_gmt":"2026-04-30T06:44:25","slug":"whatsapp-ads","status":"publish","type":"page","link":"https:\/\/whatsappbusiness.com\/no\/whatsapp-ads\/","title":{"rendered":"Annonser i Status og Kanaler"},"content":{"rendered":"\n<div class=\"wp-block-group alignfull wp-pattern-hero-split wp-pattern-hero-split--ar-1-1 is-style-surface-dark-green has-global-padding is-layout-constrained wp-block-group-is-layout-constrained is-style-surface-dark-green--1\" style=\"margin-top:var(--wp--preset--spacing--0);margin-bottom:var(--wp--preset--spacing--0);padding-top:var(--wp--preset--spacing--0);padding-bottom:var(--wp--preset--spacing--0)\">\n<div class=\"wp-block-group alignfull is-layout-grid wp-container-core-group-is-layout-48b93730 wp-block-group-is-layout-grid\" style=\"margin-top:var(--wp--preset--spacing--0);margin-bottom:var(--wp--preset--spacing--0);padding-top:var(--wp--preset--spacing--0);padding-bottom:var(--wp--preset--spacing--0)\">\n<figure class=\"wp-block-video is-style-square-corners\"><video data-ms=\"{&quot;creative&quot;:&quot;video&quot;,&quot;creative_detail&quot;:&quot;AdsInStatusAndChannels_Hero_Video&quot;}\" data-wab-video-name=\"ads-in-status-and-channels-hero-video.mp4\" autoplay=\"\" loop=\"\" muted=\"\" poster=\"https:\/\/whatsappbusiness.com\/wp-content\/uploads\/2026\/03\/Screenshot-2026-03-29-at-5.03.37-PM.png\" src=\"https:\/\/whatsappbusiness.com\/wp-content\/uploads\/videos\/ads-in-status-and-channels-hero-video.mp4\" playsinline=\"\"><\/video><\/figure>\n\n\n\n<div class=\"wp-block-group wp-pattern-hero-split__content wp-container-content-26a18ebb is-vertical is-content-justification-left is-layout-flex wp-container-core-group-is-layout-00552b42 wp-block-group-is-layout-flex\" style=\"padding-top:var(--wp--preset--spacing--20);padding-right:var(--wp--preset--spacing--0);padding-bottom:var(--wp--preset--spacing--20);padding-left:var(--wp--preset--spacing--20)\">\n<h1 id=\"annonser-i-status-og-kanaler\" class=\"wp-block-heading has-text-align-left is-typography-preset-heading-1 has-brand-green-color has-text-color has-link-color wp-elements-1dbf5b8216888db68533fa1afd990638\" style=\"margin-right:var(--wp--preset--spacing--0);padding-right:var(--wp--preset--spacing--0)\">Annonser i Status og Kanaler<\/h1>\n\n\n\n<p class=\"is-typography-preset-body-lg wp-block-paragraph\">Bli oppdaget p\u00e5 WhatsApp<\/p>\n<\/div>\n<\/div>\n<\/div>\n\n<div class=\"wp-block-group alignfull is-style-surface-primary wp-pattern-content-centered-header has-global-padding is-layout-constrained wp-block-group-is-layout-constrained is-style-surface-primary--2\">\n<div class=\"wp-block-group alignwide is-vertical is-content-justification-center is-layout-flex wp-container-core-group-is-layout-060750bc wp-block-group-is-layout-flex\">\n<p class=\"has-brand-green-color has-text-color has-link-color wp-elements-e207af669bac0cab98ee88777ecbb477 wp-block-paragraph\">Kommer snart<\/p>\n\n\n\n<h2 id=\"gjor-det-enklere-for-brukerne-a-oppdage-bedriften-din\" class=\"wp-block-heading is-typography-preset-heading-2\">Gj\u00f8r det enklere for brukerne \u00e5 <mark style=\"background-color:transparent\" class=\"has-green-underline\">oppdage bedriften din<\/mark><\/h2>\n<\/div>\n\n\n\n<p class=\"has-text-align-center is-typography-preset-body-lg wp-block-paragraph\">Over 1,5\u00a0milliarder brukere bes\u00f8ker fanen Oppdateringer hver dag for \u00e5 se statusoppdateringer eller kanaler fra personer og organisasjoner de bryr seg om. Gj\u00f8r det enklere for brukerne \u00e5 starte en samtale med bedriften din eller finne og f\u00f8lge kanalen din ved \u00e5 annonsere p\u00e5 WhatsApp for \u00e5 utvikle relasjoner og vokse.<\/p>\n<\/div>\n\n<div class=\"wp-block-group alignfull wp-pattern-content-cards-two-column is-style-surface-primary has-global-padding is-layout-constrained wp-container-core-group-is-layout-218127bd wp-block-group-is-layout-constrained is-style-surface-primary--3\">\n<div class=\"wp-block-media-text alignwide has-media-on-the-right is-stacked-on-mobile\"><div class=\"wp-block-media-text__content\">\n<h3 id=\"annonser-i-status\" class=\"wp-block-heading is-style-green-line\">Annonser i Status<\/h3>\n\n\n\n<p class=\"wp-block-paragraph\">Personer og bedrifter bruker Status til \u00e5 dele bilder, videoer, talenotater og tekst som varer i 24 timer, med felles kontakter.<\/p>\n\n\n\n<p class=\"wp-block-paragraph\">Ved \u00e5 vise annonser i Status kan du \u00f8ke sjansen for at bedriften din oppdages av nye kunder og gj\u00f8re det enkelt for dem \u00e5 starte en samtale med deg, alt uten \u00e5 forlate WhatsApp.<\/p>\n<\/div><figure class=\"wp-block-media-text__media\"><img data-dominant-color=\"494d48\" data-has-transparency=\"true\" style=\"--dominant-color: #494d48;\" loading=\"lazy\" decoding=\"async\" width=\"1748\" height=\"1410\" src=\"https:\/\/whatsappbusiness.com\/wp-content\/uploads\/2026\/03\/UI-001-ads-in-status-.nl_NL.png?w=1024\" alt=\"An image example of WhatsApp Ads in status\" class=\"wp-image-2059 size-full has-transparency\" srcset=\"https:\/\/whatsappbusiness.com\/wp-content\/uploads\/2026\/03\/UI-001-ads-in-status-.nl_NL.png 1748w, https:\/\/whatsappbusiness.com\/wp-content\/uploads\/2026\/03\/UI-001-ads-in-status-.nl_NL.png?resize=300,242 300w, https:\/\/whatsappbusiness.com\/wp-content\/uploads\/2026\/03\/UI-001-ads-in-status-.nl_NL.png?resize=768,619 768w, https:\/\/whatsappbusiness.com\/wp-content\/uploads\/2026\/03\/UI-001-ads-in-status-.nl_NL.png?resize=1024,826 1024w, https:\/\/whatsappbusiness.com\/wp-content\/uploads\/2026\/03\/UI-001-ads-in-status-.nl_NL.png?resize=1536,1239 1536w\" sizes=\"auto, (max-width: 1748px) 100vw, 1748px\" \/><\/figure><\/div>\n\n\n\n<div class=\"wp-block-media-text alignwide is-stacked-on-mobile\"><figure class=\"wp-block-media-text__media\"><img loading=\"lazy\" decoding=\"async\" width=\"1240\" height=\"1001\" src=\"https:\/\/whatsappbusiness.com\/wp-content\/uploads\/2026\/03\/About-03_promoted-channels.png?w=1024\" alt=\"An image example of WhatsApp Ads promoted channels\" class=\"wp-image-2470 size-full\" srcset=\"https:\/\/whatsappbusiness.com\/wp-content\/uploads\/2026\/03\/About-03_promoted-channels.png 1240w, https:\/\/whatsappbusiness.com\/wp-content\/uploads\/2026\/03\/About-03_promoted-channels.png?resize=300,242 300w, https:\/\/whatsappbusiness.com\/wp-content\/uploads\/2026\/03\/About-03_promoted-channels.png?resize=768,620 768w, https:\/\/whatsappbusiness.com\/wp-content\/uploads\/2026\/03\/About-03_promoted-channels.png?resize=1024,827 1024w\" sizes=\"auto, (max-width: 1240px) 100vw, 1240px\" \/><\/figure><div class=\"wp-block-media-text__content\">\n<h3 id=\"promoterte-kanaler\" class=\"wp-block-heading is-style-green-line\">Promoterte kanaler<\/h3>\n\n\n\n<p class=\"wp-block-paragraph\">Kanaler brukes til \u00e5 se enveiskringkastinger, for eksempel tekstmeldinger, bilder, videoer, etiketter og meningsm\u00e5linger, fra personene, merkene og organisasjonene som brukerne liker.<\/p>\n\n\n\n<p class=\"wp-block-paragraph\">Annonser i promoterte kanaler \u00f8ker sjansen for at brukerne oppdager bedriften din. Kanalen fremmes i katalogen og gj\u00f8re det enkelt for brukerne \u00e5 finne innhold som passer for dem.<\/p>\n<\/div><\/div>\n<\/div>\n\n<div class=\"wp-block-group alignfull is-style-surface-primary wp-pattern-content-centered-header-cta has-global-padding is-layout-constrained wp-block-group-is-layout-constrained is-style-surface-primary--4\">\n<div class=\"wp-block-group alignwide is-vertical is-content-justification-center is-layout-flex wp-container-core-group-is-layout-060750bc wp-block-group-is-layout-flex\">\n<p class=\"has-brand-green-color has-text-color has-link-color wp-elements-706133803fd55dfe5e8e5d7682a554f8 wp-block-paragraph\">V\u00e5r tiln\u00e6rming<\/p>\n\n\n\n<h2 id=\"annonser-pa-rett-sted\" class=\"wp-block-heading is-typography-preset-heading-2\">Annonser p\u00e5 rett sted<\/h2>\n<\/div>\n\n\n\n<div class=\"wp-block-group is-vertical is-content-justification-center is-layout-flex wp-container-core-group-is-layout-6c13d7fb wp-block-group-is-layout-flex\">\n<p class=\"has-text-align-center is-typography-preset-body-lg wp-block-paragraph\">Annonsene v\u00e5re vises i Status og Kanaler, der brukerne kan oppdage dem. Den personlige meldingsopplevelsen p\u00e5 WhatsApp endres ikke, og personlige meldinger, anrop og statuser ende-til-ende-krypteres og kan ikke brukes til \u00e5 vise annonser.<\/p>\n\n\n\n<div class=\"wp-block-buttons is-content-justification-center is-layout-flex wp-container-core-buttons-is-layout-aebcc133 wp-block-buttons-is-layout-flex\">\n<div class=\"wp-block-button is-style-button-secondary has-icon is-style-button-secondary--5\"><a class=\"wp-block-button__link wp-element-button\" href=\"https:\/\/whatsappbusiness.com\/no\/whatsapp-ads\/privacy\/\">Finn ut mer<\/a><\/div>\n<\/div>\n<\/div>\n<\/div>\n\n<div class=\"wp-block-group alignfull wp-pattern-content-cards-two-column is-style-surface-primary has-global-padding is-layout-constrained wp-block-group-is-layout-constrained is-style-surface-primary--6\">\n<div class=\"wp-block-group alignwide wp-pattern-content-cards-two-column__grid is-layout-grid wp-container-core-group-is-layout-64e2a0f8 wp-block-group-is-layout-grid\">\n<div class=\"wp-block-group wp-pattern-content-cards-two-column__card is-style-surface-cream is-vertical is-layout-flex wp-container-core-group-is-layout-8ca568d9 wp-block-group-is-layout-flex is-style-surface-cream--7\" style=\"border-radius:24px;box-shadow:var(--wp--preset--shadow--large)\">\n<figure class=\"wp-block-image size-full is-resized wp-pattern-content-cards-two-column__icon\"><img loading=\"lazy\" decoding=\"async\" width=\"40\" height=\"48\" src=\"https:\/\/whatsappbusiness.com\/wp-content\/uploads\/2026\/03\/19_no_data_personal_data_green.svg\" alt=\"Gr\u00f8nt l\u00e5seikon\" class=\"wp-image-2474\" style=\"width:75px;height:57px\"\/><\/figure>\n\n\n\n<h3 id=\"personlige-chatter-forblir-private\" class=\"wp-block-heading is-typography-preset-heading-5\">Personlige chatter forblir private<\/h3>\n<\/div>\n\n\n\n<div class=\"wp-block-group wp-pattern-content-cards-two-column__card is-style-surface-cream is-vertical is-layout-flex wp-container-core-group-is-layout-8ca568d9 wp-block-group-is-layout-flex is-style-surface-cream--8\" style=\"border-radius:24px;box-shadow:var(--wp--preset--shadow--large)\">\n<figure class=\"wp-block-image size-full is-resized wp-pattern-content-cards-two-column__icon\"><img loading=\"lazy\" decoding=\"async\" width=\"49\" height=\"48\" src=\"https:\/\/whatsappbusiness.com\/wp-content\/uploads\/2026\/03\/20_sliders_preferences_green.svg\" alt=\"gr\u00f8nt privacy shield-ikon\" class=\"wp-image-2472\" style=\"width:75px;height:57px\"\/><\/figure>\n\n\n\n<h3 id=\"personopplysninger-forblir-hos-whatsapp\" class=\"wp-block-heading is-typography-preset-heading-5\">Personopplysninger forblir hos WhatsApp<\/h3>\n<\/div>\n\n\n\n<div class=\"wp-block-group wp-pattern-content-cards-two-column__card is-style-surface-cream is-vertical is-layout-flex wp-container-core-group-is-layout-8ca568d9 wp-block-group-is-layout-flex is-style-surface-cream--9\" style=\"border-radius:24px;box-shadow:var(--wp--preset--shadow--large)\">\n<figure class=\"wp-block-image size-full is-resized wp-pattern-content-cards-two-column__icon\"><img loading=\"lazy\" decoding=\"async\" width=\"43\" height=\"42\" src=\"https:\/\/whatsappbusiness.com\/wp-content\/uploads\/2026\/03\/21_shield_privacy_green.svg\" alt=\"Gr\u00f8nt glidebryter-ikon\" class=\"wp-image-2473\" style=\"width:60px;height:59px\"\/><\/figure>\n\n\n\n<h3 id=\"preferanser-er-enkle-a-kontrollere\" class=\"wp-block-heading is-typography-preset-heading-5\">Preferanser er enkle \u00e5 kontrollere<\/h3>\n<\/div>\n<\/div>\n<\/div>\n\n<div class=\"wp-block-group alignfull is-style-surface-primary wp-pattern-content-centered-container-cta has-global-padding is-layout-constrained wp-block-group-is-layout-constrained is-style-surface-primary--10\">\n<div class=\"wp-block-group alignwide is-style-surface-light-green is-vertical is-content-justification-center is-layout-flex wp-container-core-group-is-layout-6c13d7fb wp-block-group-is-layout-flex is-style-surface-light-green--11\" style=\"border-radius:16px\">\n<h2 id=\"vaer-den-forste-som-far-vite-mer\" class=\"wp-block-heading is-typography-preset-heading-2\">V\u00e6r den f\u00f8rste som f\u00e5r vite mer<\/h2>\n\n\n\n<p class=\"has-text-align-center is-typography-preset-body-lg wp-block-paragraph\">Subscribe to receive updates as we make these tools available in your region.<br><\/p>\n\n\n\n<div class=\"wp-block-buttons is-content-justification-center is-layout-flex wp-container-core-buttons-is-layout-aebcc133 wp-block-buttons-is-layout-flex\">\n<div class=\"wp-block-button\"><a class=\"wp-block-button__link wp-element-button\" href=\"https:\/\/whatsappbusiness.com\/no\/whatsapp-ads\/subscribe\/\">Abonner<\/a><\/div>\n<\/div>\n<\/div>\n<\/div>\n","protected":false},"excerpt":{"rendered":"<p>Annonser i Status og Kanaler Bli oppdaget p\u00e5 WhatsApp Kommer snart Gj\u00f8r det enklere for brukerne \u00e5 oppdage bedriften din Over 1,5\u00a0milliarder brukere bes\u00f8ker fanen Oppdateringer hver dag for \u00e5 se statusoppdateringer eller kanaler fra personer og organisasjoner de bryr seg om. Gj\u00f8r det enklere for brukerne \u00e5 starte en samtale med bedriften din eller [&hellip;]<\/p>\n","protected":false},"author":14,"featured_media":5046,"parent":0,"menu_order":0,"comment_status":"closed","ping_status":"closed","template":"","meta":{"wab_page_header_cta_text":"","wab_page_header_cta_url":"","footnotes":""},"class_list":["post-6442","page","type-page","status-publish","has-post-thumbnail","hentry"],"yoast_head":"<!-- This site is optimized with the Yoast SEO Premium plugin v27.5 (Yoast SEO v27.5) - https:\/\/yoast.com\/product\/yoast-seo-premium-wordpress\/ -->\n<title>WhatsApp-annonser i Status og Kanaler | Bli oppdaget<\/title>\n<meta name=\"description\" content=\"Gj\u00f8r det enklere for brukere \u00e5 oppdage bedriften din med annonser i Status og Kanaler. Se hvordan WhatsApp-annonsering kan hjelpe bedriften din med \u00e5 utvikle relasjoner og vokse.\" \/>\n<meta name=\"robots\" content=\"index, follow, max-snippet:-1, max-image-preview:large, max-video-preview:-1\" \/>\n<link rel=\"canonical\" href=\"https:\/\/whatsappbusiness.com\/no\/whatsapp-ads\/\" \/>\n<meta property=\"og:locale\" content=\"nb_NO\" \/>\n<meta property=\"og:type\" content=\"article\" \/>\n<meta property=\"og:title\" content=\"Annonser i Status og Kanaler\" \/>\n<meta property=\"og:description\" content=\"Gj\u00f8r det enklere for brukere \u00e5 oppdage bedriften din med annonser i Status og Kanaler. Se hvordan WhatsApp-annonsering kan hjelpe bedriften din med \u00e5 utvikle relasjoner og vokse.\" \/>\n<meta property=\"og:url\" content=\"https:\/\/whatsappbusiness.com\/no\/whatsapp-ads\/\" \/>\n<meta property=\"og:site_name\" content=\"WhatsApp for Business\" \/>\n<meta property=\"article:publisher\" content=\"https:\/\/www.facebook.com\/WhatsAppBiz\" \/>\n<meta property=\"article:modified_time\" content=\"2026-04-30T06:44:25+00:00\" \/>\n<meta property=\"og:image\" content=\"https:\/\/whatsappbusiness.com\/wp-content\/uploads\/2026\/03\/WhatsApp-for-Business-Default-Image.png\" \/>\n\t<meta property=\"og:image:width\" content=\"1200\" \/>\n\t<meta property=\"og:image:height\" content=\"630\" \/>\n\t<meta property=\"og:image:type\" content=\"image\/png\" \/>\n<meta name=\"twitter:card\" content=\"summary_large_image\" \/>\n<meta name=\"twitter:label1\" content=\"Est. reading time\" \/>\n\t<meta name=\"twitter:data1\" content=\"1 minutt\" \/>\n<script type=\"application\/ld+json\" class=\"yoast-schema-graph\">{\"@context\":\"https:\\\/\\\/schema.org\",\"@graph\":[{\"@type\":\"WebPage\",\"@id\":\"https:\\\/\\\/whatsappbusiness.com\\\/no\\\/whatsapp-ads\\\/\",\"url\":\"https:\\\/\\\/whatsappbusiness.com\\\/no\\\/whatsapp-ads\\\/\",\"name\":\"WhatsApp-annonser i Status og Kanaler | Bli oppdaget\",\"isPartOf\":{\"@id\":\"https:\\\/\\\/whatsappbusiness.com\\\/no\\\/#website\"},\"primaryImageOfPage\":{\"@id\":\"https:\\\/\\\/whatsappbusiness.com\\\/no\\\/whatsapp-ads\\\/#primaryimage\"},\"image\":{\"@id\":\"https:\\\/\\\/whatsappbusiness.com\\\/no\\\/whatsapp-ads\\\/#primaryimage\"},\"thumbnailUrl\":\"https:\\\/\\\/whatsappbusiness.com\\\/wp-content\\\/uploads\\\/2026\\\/03\\\/WhatsApp-for-Business-Default-Image.png\",\"datePublished\":\"2026-03-16T13:39:12+00:00\",\"dateModified\":\"2026-04-30T06:44:25+00:00\",\"description\":\"Gj\u00f8r det enklere for brukere \u00e5 oppdage bedriften din med annonser i Status og Kanaler. Se hvordan WhatsApp-annonsering kan hjelpe bedriften din med \u00e5 utvikle relasjoner og vokse.\",\"breadcrumb\":{\"@id\":\"https:\\\/\\\/whatsappbusiness.com\\\/no\\\/whatsapp-ads\\\/#breadcrumb\"},\"inLanguage\":\"nb-NO\",\"potentialAction\":[{\"@type\":\"ReadAction\",\"target\":[\"https:\\\/\\\/whatsappbusiness.com\\\/no\\\/whatsapp-ads\\\/\"]}],\"author\":\"WhatsApp for Business\"},{\"@type\":\"ImageObject\",\"inLanguage\":\"nb-NO\",\"@id\":\"https:\\\/\\\/whatsappbusiness.com\\\/no\\\/whatsapp-ads\\\/#primaryimage\",\"url\":\"https:\\\/\\\/whatsappbusiness.com\\\/wp-content\\\/uploads\\\/2026\\\/03\\\/WhatsApp-for-Business-Default-Image.png\",\"contentUrl\":\"https:\\\/\\\/whatsappbusiness.com\\\/wp-content\\\/uploads\\\/2026\\\/03\\\/WhatsApp-for-Business-Default-Image.png\",\"width\":1200,\"height\":630,\"caption\":\"WhatsApp for Business-logo og -ordmerke p\u00e5 en gr\u00f8nn bakgrunn med varemerket\"},{\"@type\":\"BreadcrumbList\",\"@id\":\"https:\\\/\\\/whatsappbusiness.com\\\/no\\\/whatsapp-ads\\\/#breadcrumb\",\"itemListElement\":[{\"@type\":\"ListItem\",\"position\":1,\"name\":\"Startside\",\"item\":\"https:\\\/\\\/whatsappbusiness.com\\\/no\\\/\"},{\"@type\":\"ListItem\",\"position\":2,\"name\":\"Annonser i Status og Kanaler\"}]},{\"@type\":\"WebSite\",\"@id\":\"https:\\\/\\\/whatsappbusiness.com\\\/no\\\/#website\",\"url\":\"https:\\\/\\\/whatsappbusiness.com\\\/no\\\/\",\"name\":\"WhatsApp for Business\",\"description\":\"Do more with conversations\",\"publisher\":{\"@id\":\"https:\\\/\\\/whatsappbusiness.com\\\/no\\\/#organization\"},\"potentialAction\":[{\"@type\":\"SearchAction\",\"target\":{\"@type\":\"EntryPoint\",\"urlTemplate\":\"https:\\\/\\\/whatsappbusiness.com\\\/no\\\/?s={search_term_string}\"},\"query-input\":{\"@type\":\"PropertyValueSpecification\",\"valueRequired\":true,\"valueName\":\"search_term_string\"}}],\"inLanguage\":\"nb-NO\"},{\"@type\":\"Organization\",\"@id\":\"https:\\\/\\\/whatsappbusiness.com\\\/no\\\/#organization\",\"name\":\"WhatsApp for Business\",\"url\":\"https:\\\/\\\/whatsappbusiness.com\\\/no\\\/\",\"logo\":{\"@type\":\"ImageObject\",\"inLanguage\":\"nb-NO\",\"@id\":\"https:\\\/\\\/whatsappbusiness.com\\\/no\\\/#\\\/schema\\\/logo\\\/image\\\/\",\"url\":\"https:\\\/\\\/whatsappbusiness.com\\\/wp-content\\\/uploads\\\/2026\\\/04\\\/Digital_Inline_White_RGB_2026.svg\",\"contentUrl\":\"https:\\\/\\\/whatsappbusiness.com\\\/wp-content\\\/uploads\\\/2026\\\/04\\\/Digital_Inline_White_RGB_2026.svg\",\"width\":1487,\"height\":346,\"caption\":\"WhatsApp for Business\"},\"image\":{\"@id\":\"https:\\\/\\\/whatsappbusiness.com\\\/no\\\/#\\\/schema\\\/logo\\\/image\\\/\"},\"sameAs\":[\"https:\\\/\\\/www.facebook.com\\\/WhatsAppBiz\",\"https:\\\/\\\/www.linkedin.com\\\/showcase\\\/whatsapp-business\",\"https:\\\/\\\/www.instagram.com\\\/whatsappforbusiness\"]}]}<\/script>\n<!-- \/ Yoast SEO Premium plugin. -->","yoast_head_json":{"title":"WhatsApp-annonser i Status og Kanaler | Bli oppdaget","description":"Gj\u00f8r det enklere for brukere \u00e5 oppdage bedriften din med annonser i Status og Kanaler. Se hvordan WhatsApp-annonsering kan hjelpe bedriften din med \u00e5 utvikle relasjoner og vokse.","robots":{"index":"index","follow":"follow","max-snippet":"max-snippet:-1","max-image-preview":"max-image-preview:large","max-video-preview":"max-video-preview:-1"},"canonical":"https:\/\/whatsappbusiness.com\/no\/whatsapp-ads\/","og_locale":"nb_NO","og_type":"article","og_title":"Annonser i Status og Kanaler","og_description":"Gj\u00f8r det enklere for brukere \u00e5 oppdage bedriften din med annonser i Status og Kanaler. Se hvordan WhatsApp-annonsering kan hjelpe bedriften din med \u00e5 utvikle relasjoner og vokse.","og_url":"https:\/\/whatsappbusiness.com\/no\/whatsapp-ads\/","og_site_name":"WhatsApp for Business","article_publisher":"https:\/\/www.facebook.com\/WhatsAppBiz","article_modified_time":"2026-04-30T06:44:25+00:00","og_image":[{"width":1200,"height":630,"url":"https:\/\/whatsappbusiness.com\/wp-content\/uploads\/2026\/03\/WhatsApp-for-Business-Default-Image.png","type":"image\/png"}],"twitter_card":"summary_large_image","twitter_misc":{"Est. reading time":"1 minutt"},"schema":{"@context":"https:\/\/schema.org","@graph":[{"@type":"WebPage","@id":"https:\/\/whatsappbusiness.com\/no\/whatsapp-ads\/","url":"https:\/\/whatsappbusiness.com\/no\/whatsapp-ads\/","name":"WhatsApp-annonser i Status og Kanaler | Bli oppdaget","isPartOf":{"@id":"https:\/\/whatsappbusiness.com\/no\/#website"},"primaryImageOfPage":{"@id":"https:\/\/whatsappbusiness.com\/no\/whatsapp-ads\/#primaryimage"},"image":{"@id":"https:\/\/whatsappbusiness.com\/no\/whatsapp-ads\/#primaryimage"},"thumbnailUrl":"https:\/\/whatsappbusiness.com\/wp-content\/uploads\/2026\/03\/WhatsApp-for-Business-Default-Image.png","datePublished":"2026-03-16T13:39:12+00:00","dateModified":"2026-04-30T06:44:25+00:00","description":"Gj\u00f8r det enklere for brukere \u00e5 oppdage bedriften din med annonser i Status og Kanaler. Se hvordan WhatsApp-annonsering kan hjelpe bedriften din med \u00e5 utvikle relasjoner og vokse.","breadcrumb":{"@id":"https:\/\/whatsappbusiness.com\/no\/whatsapp-ads\/#breadcrumb"},"inLanguage":"nb-NO","potentialAction":[{"@type":"ReadAction","target":["https:\/\/whatsappbusiness.com\/no\/whatsapp-ads\/"]}],"author":"WhatsApp for Business"},{"@type":"ImageObject","inLanguage":"nb-NO","@id":"https:\/\/whatsappbusiness.com\/no\/whatsapp-ads\/#primaryimage","url":"https:\/\/whatsappbusiness.com\/wp-content\/uploads\/2026\/03\/WhatsApp-for-Business-Default-Image.png","contentUrl":"https:\/\/whatsappbusiness.com\/wp-content\/uploads\/2026\/03\/WhatsApp-for-Business-Default-Image.png","width":1200,"height":630,"caption":"WhatsApp for Business-logo og -ordmerke p\u00e5 en gr\u00f8nn bakgrunn med varemerket"},{"@type":"BreadcrumbList","@id":"https:\/\/whatsappbusiness.com\/no\/whatsapp-ads\/#breadcrumb","itemListElement":[{"@type":"ListItem","position":1,"name":"Startside","item":"https:\/\/whatsappbusiness.com\/no\/"},{"@type":"ListItem","position":2,"name":"Annonser i Status og Kanaler"}]},{"@type":"WebSite","@id":"https:\/\/whatsappbusiness.com\/no\/#website","url":"https:\/\/whatsappbusiness.com\/no\/","name":"WhatsApp for Business","description":"Do more with conversations","publisher":{"@id":"https:\/\/whatsappbusiness.com\/no\/#organization"},"potentialAction":[{"@type":"SearchAction","target":{"@type":"EntryPoint","urlTemplate":"https:\/\/whatsappbusiness.com\/no\/?s={search_term_string}"},"query-input":{"@type":"PropertyValueSpecification","valueRequired":true,"valueName":"search_term_string"}}],"inLanguage":"nb-NO"},{"@type":"Organization","@id":"https:\/\/whatsappbusiness.com\/no\/#organization","name":"WhatsApp for Business","url":"https:\/\/whatsappbusiness.com\/no\/","logo":{"@type":"ImageObject","inLanguage":"nb-NO","@id":"https:\/\/whatsappbusiness.com\/no\/#\/schema\/logo\/image\/","url":"https:\/\/whatsappbusiness.com\/wp-content\/uploads\/2026\/04\/Digital_Inline_White_RGB_2026.svg","contentUrl":"https:\/\/whatsappbusiness.com\/wp-content\/uploads\/2026\/04\/Digital_Inline_White_RGB_2026.svg","width":1487,"height":346,"caption":"WhatsApp for Business"},"image":{"@id":"https:\/\/whatsappbusiness.com\/no\/#\/schema\/logo\/image\/"},"sameAs":["https:\/\/www.facebook.com\/WhatsAppBiz","https:\/\/www.linkedin.com\/showcase\/whatsapp-business","https:\/\/www.instagram.com\/whatsappforbusiness"]}]}},"parsely":{"version":"1.1.0","canonical_url":"https:\/\/whatsappbusiness.com\/no\/whatsapp-ads\/","smart_links":{"inbound":0,"outbound":0},"traffic_boost_suggestions_count":0,"meta":{"@context":"https:\/\/schema.org","@type":"WebPage","headline":"Annonser i Status og Kanaler","url":"http:\/\/whatsappbusiness.com\/no\/whatsapp-ads\/","mainEntityOfPage":{"@type":"WebPage","@id":"http:\/\/whatsappbusiness.com\/no\/whatsapp-ads\/"},"thumbnailUrl":"https:\/\/whatsappbusiness.com\/wp-content\/uploads\/2026\/03\/WhatsApp-for-Business-Default-Image.png?w=150&h=150&crop=1","image":{"@type":"ImageObject","url":"https:\/\/whatsappbusiness.com\/wp-content\/uploads\/2026\/03\/WhatsApp-for-Business-Default-Image.png"},"articleSection":"Uncategorized @no","author":[{"@type":"Person","name":"fabiankaegy"}],"creator":["fabiankaegy"],"publisher":{"@type":"Organization","name":"WhatsApp for Business","logo":"https:\/\/whatsappbusiness.com\/wp-content\/uploads\/2026\/04\/Digital_Inline_White_RGB_2026.svg"},"keywords":[],"dateCreated":"2026-03-16T13:39:12Z","datePublished":"2026-03-16T13:39:12Z","dateModified":"2026-04-30T06:44:25Z"},"rendered":"<script type=\"application\/ld+json\" class=\"wp-parsely-metadata\">{\"@context\":\"https:\\\/\\\/schema.org\",\"@type\":\"WebPage\",\"headline\":\"Annonser i Status og Kanaler\",\"url\":\"http:\\\/\\\/whatsappbusiness.com\\\/no\\\/whatsapp-ads\\\/\",\"mainEntityOfPage\":{\"@type\":\"WebPage\",\"@id\":\"http:\\\/\\\/whatsappbusiness.com\\\/no\\\/whatsapp-ads\\\/\"},\"thumbnailUrl\":\"https:\\\/\\\/whatsappbusiness.com\\\/wp-content\\\/uploads\\\/2026\\\/03\\\/WhatsApp-for-Business-Default-Image.png?w=150&h=150&crop=1\",\"image\":{\"@type\":\"ImageObject\",\"url\":\"https:\\\/\\\/whatsappbusiness.com\\\/wp-content\\\/uploads\\\/2026\\\/03\\\/WhatsApp-for-Business-Default-Image.png\"},\"articleSection\":\"Uncategorized @no\",\"author\":[{\"@type\":\"Person\",\"name\":\"fabiankaegy\"}],\"creator\":[\"fabiankaegy\"],\"publisher\":{\"@type\":\"Organization\",\"name\":\"WhatsApp for Business\",\"logo\":\"https:\\\/\\\/whatsappbusiness.com\\\/wp-content\\\/uploads\\\/2026\\\/04\\\/Digital_Inline_White_RGB_2026.svg\"},\"keywords\":[],\"dateCreated\":\"2026-03-16T13:39:12Z\",\"datePublished\":\"2026-03-16T13:39:12Z\",\"dateModified\":\"2026-04-30T06:44:25Z\"}<\/script>","tracker_url":"https:\/\/cdn.parsely.com\/keys\/whatsappbusiness.com\/p.js"},"_links":{"self":[{"href":"https:\/\/whatsappbusiness.com\/no\/wp-json\/wp\/v2\/pages\/6442","targetHints":{"allow":["GET"]}}],"collection":[{"href":"https:\/\/whatsappbusiness.com\/no\/wp-json\/wp\/v2\/pages"}],"about":[{"href":"https:\/\/whatsappbusiness.com\/no\/wp-json\/wp\/v2\/types\/page"}],"author":[{"embeddable":true,"href":"https:\/\/whatsappbusiness.com\/no\/wp-json\/wp\/v2\/users\/14"}],"replies":[{"embeddable":true,"href":"https:\/\/whatsappbusiness.com\/no\/wp-json\/wp\/v2\/comments?post=6442"}],"version-history":[{"count":3,"href":"https:\/\/whatsappbusiness.com\/no\/wp-json\/wp\/v2\/pages\/6442\/revisions"}],"predecessor-version":[{"id":14533,"href":"https:\/\/whatsappbusiness.com\/no\/wp-json\/wp\/v2\/pages\/6442\/revisions\/14533"}],"wp:featuredmedia":[{"embeddable":true,"href":"https:\/\/whatsappbusiness.com\/no\/wp-json\/wp\/v2\/media\/5046"}],"wp:attachment":[{"href":"https:\/\/whatsappbusiness.com\/no\/wp-json\/wp\/v2\/media?parent=6442"}],"curies":[{"name":"wp","href":"https:\/\/api.w.org\/{rel}","templated":true}]}}