{"id":6255,"date":"2026-03-16T09:37:31","date_gmt":"2026-03-16T13:37:31","guid":{"rendered":"https:\/\/whatsappbusiness.com\/termos-e-condicoes\/"},"modified":"2026-04-18T15:52:37","modified_gmt":"2026-04-18T19:52:37","slug":"terms-and-conditions","status":"publish","type":"page","link":"https:\/\/whatsappbusiness.com\/pt-br\/terms-and-conditions\/","title":{"rendered":"Termos e Condi\u00e7\u00f5es"},"content":{"rendered":"\n<div class=\"wp-block-group alignfull is-style-surface-dark-green wp-pattern-hero-text-only has-global-padding is-layout-constrained wp-block-group-is-layout-constrained is-style-surface-dark-green--1\">\n<div class=\"wp-block-group alignwide wp-pattern-hero-text-only__content is-vertical is-content-justification-left is-layout-flex wp-container-core-group-is-layout-d03b967c wp-block-group-is-layout-flex\">\n<div class=\"wp-block-group is-vertical is-layout-flex wp-container-core-group-is-layout-26157a64 wp-block-group-is-layout-flex\">\n<h1 id=\"termos-e-condicoes\" class=\"wp-block-heading is-typography-preset-heading-1 has-brand-green-color has-text-color\">Termos e Condi\u00e7\u00f5es<\/h1>\n<\/div>\n\n\n\n<div class=\"wp-block-group has-global-padding is-layout-constrained wp-container-core-group-is-layout-1ba8f67d wp-block-group-is-layout-constrained\" style=\"padding-right:var(--wp--preset--spacing--0);padding-left:var(--wp--preset--spacing--0)\">\n<p class=\"is-typography-preset-body-lg wp-block-paragraph\">Com o WhatsApp Business, voc\u00ea interage com os clientes no canal preferido deles e amplia a comunica\u00e7\u00e3o da sua empresa usando mensagens r\u00e1pidas e confi\u00e1veis.<\/p>\n<\/div>\n<\/div>\n<\/div>\n\n<div class=\"wp-block-group alignfull is-style-surface-primary has-global-padding is-layout-constrained wp-block-group-is-layout-constrained is-style-surface-primary--2\">\n<div class=\"wp-block-columns alignwide is-layout-flex wp-container-core-columns-is-layout-5b0d790a wp-block-columns-is-layout-flex has-2-columns\">\n<div class=\"wp-block-column is-layout-flow wp-block-column-is-layout-flow\" style=\"flex-basis:100%\">\n<div class=\"wp-block-group wp-container-content-8d1725e3 is-vertical is-content-justification-left is-layout-flex wp-container-core-group-is-layout-40dc2d6a wp-block-group-is-layout-flex\">\n<h3 id=\"app-whatsapp-business\" class=\"wp-block-heading is-typography-preset-heading-4\">App WhatsApp Business<\/h3>\n\n\n\n<div class=\"wp-block-buttons is-vertical is-layout-flex wp-container-core-buttons-is-layout-7d13bd9c wp-block-buttons-is-layout-flex\">\n<div class=\"wp-block-button is-style-arrow-link\"><a class=\"wp-block-button__link has-button-sm-font-size has-custom-font-size wp-element-button\" href=\"https:\/\/www.whatsapp.com\/legal\/business-terms\" target=\"_blank\" rel=\"noreferrer noopener\">Termos de Servi\u00e7o do WhatsApp Business<\/a><\/div>\n<\/div>\n<\/div>\n<\/div>\n\n\n\n<div class=\"wp-block-column is-layout-flow wp-block-column-is-layout-flow\" style=\"flex-basis:150%\">\n<div class=\"wp-block-group is-vertical is-content-justification-left is-layout-flex wp-container-core-group-is-layout-40dc2d6a wp-block-group-is-layout-flex\">\n<h3 id=\"api-de-nuvem-da-plataforma-do-whatsapp-business\" class=\"wp-block-heading is-typography-preset-heading-4\">API de Nuvem da Plataforma do WhatsApp Business<\/h3>\n\n\n\n<div class=\"wp-block-buttons is-vertical is-layout-flex wp-container-core-buttons-is-layout-421f0a15 wp-block-buttons-is-layout-flex\">\n<div class=\"wp-block-button is-style-arrow-link\"><a class=\"wp-block-button__link has-text-align-left has-button-sm-font-size has-custom-font-size wp-element-button\" href=\"https:\/\/www.facebook.com\/legal\/WhatsApp-Business-Platform-Cloud-API\" target=\"_blank\" rel=\"noreferrer noopener\">Termos da API de Nuvem da Plataforma do WhatsApp Business<\/a><\/div>\n\n\n\n<div class=\"wp-block-button is-style-arrow-link\"><a class=\"wp-block-button__link has-button-sm-font-size has-custom-font-size wp-element-button\" href=\"https:\/\/www.whatsapp.com\/legal\/meta-terms-whatsapp-business\" target=\"_blank\" rel=\"noreferrer noopener\">Termos da Meta para o WhatsApp Business<\/a><\/div>\n<\/div>\n<\/div>\n<\/div>\n<\/div>\n<\/div>\n","protected":false},"excerpt":{"rendered":"<p>Termos e Condi\u00e7\u00f5es Com o WhatsApp Business, voc\u00ea interage com os clientes no canal preferido deles e amplia a comunica\u00e7\u00e3o da sua empresa usando mensagens r\u00e1pidas e confi\u00e1veis. App WhatsApp Business API de Nuvem da Plataforma do WhatsApp Business<\/p>\n","protected":false},"author":14,"featured_media":5054,"parent":0,"menu_order":0,"comment_status":"closed","ping_status":"closed","template":"","meta":{"wab_page_header_cta_text":"","wab_page_header_cta_url":"","footnotes":""},"class_list":["post-6255","page","type-page","status-publish","has-post-thumbnail","hentry"],"yoast_head":"<!-- This site is optimized with the Yoast SEO Premium plugin v27.5 (Yoast SEO v27.5) - https:\/\/yoast.com\/product\/yoast-seo-premium-wordpress\/ -->\n<title>Termos e Condi\u00e7\u00f5es | WhatsApp for Business<\/title>\n<meta name=\"description\" content=\"Com o WhatsApp Business, voc\u00ea interage com os clientes no canal preferido deles e amplia a comunica\u00e7\u00e3o da sua empresa usando mensagens r\u00e1pidas e confi\u00e1veis. Leia nossos Termos e Condi\u00e7\u00f5es.\" \/>\n<meta name=\"robots\" content=\"index, follow, max-snippet:-1, max-image-preview:large, max-video-preview:-1\" \/>\n<link rel=\"canonical\" href=\"https:\/\/whatsappbusiness.com\/pt-br\/terms-and-conditions\/\" \/>\n<meta property=\"og:locale\" content=\"pt_BR\" \/>\n<meta property=\"og:type\" content=\"article\" \/>\n<meta property=\"og:title\" content=\"Termos e Condi\u00e7\u00f5es\" \/>\n<meta property=\"og:description\" content=\"Com o WhatsApp Business, voc\u00ea interage com os clientes no canal preferido deles e amplia a comunica\u00e7\u00e3o da sua empresa usando mensagens r\u00e1pidas e confi\u00e1veis. Leia nossos Termos e Condi\u00e7\u00f5es.\" \/>\n<meta property=\"og:url\" content=\"https:\/\/whatsappbusiness.com\/pt-br\/terms-and-conditions\/\" \/>\n<meta property=\"og:site_name\" content=\"WhatsApp for Business\" \/>\n<meta property=\"article:publisher\" content=\"https:\/\/www.facebook.com\/WhatsAppBiz\" \/>\n<meta property=\"article:modified_time\" content=\"2026-04-18T19:52:37+00:00\" \/>\n<meta property=\"og:image\" content=\"https:\/\/whatsappbusiness.com\/wp-content\/uploads\/2026\/03\/WhatsApp-for-Business-Default-Image.png\" \/>\n\t<meta property=\"og:image:width\" content=\"1200\" \/>\n\t<meta property=\"og:image:height\" content=\"630\" \/>\n\t<meta property=\"og:image:type\" content=\"image\/png\" \/>\n<meta name=\"twitter:card\" content=\"summary_large_image\" \/>\n<script type=\"application\/ld+json\" class=\"yoast-schema-graph\">{\"@context\":\"https:\\\/\\\/schema.org\",\"@graph\":[{\"@type\":\"WebPage\",\"@id\":\"https:\\\/\\\/whatsappbusiness.com\\\/pt-br\\\/terms-and-conditions\\\/\",\"url\":\"https:\\\/\\\/whatsappbusiness.com\\\/pt-br\\\/terms-and-conditions\\\/\",\"name\":\"Termos e Condi\u00e7\u00f5es | WhatsApp for Business\",\"isPartOf\":{\"@id\":\"https:\\\/\\\/whatsappbusiness.com\\\/pt-br\\\/#website\"},\"primaryImageOfPage\":{\"@id\":\"https:\\\/\\\/whatsappbusiness.com\\\/pt-br\\\/terms-and-conditions\\\/#primaryimage\"},\"image\":{\"@id\":\"https:\\\/\\\/whatsappbusiness.com\\\/pt-br\\\/terms-and-conditions\\\/#primaryimage\"},\"thumbnailUrl\":\"https:\\\/\\\/whatsappbusiness.com\\\/wp-content\\\/uploads\\\/2026\\\/03\\\/WhatsApp-for-Business-Default-Image.png\",\"datePublished\":\"2026-03-16T13:37:31+00:00\",\"dateModified\":\"2026-04-18T19:52:37+00:00\",\"description\":\"Com o WhatsApp Business, voc\u00ea interage com os clientes no canal preferido deles e amplia a comunica\u00e7\u00e3o da sua empresa usando mensagens r\u00e1pidas e confi\u00e1veis. Leia nossos Termos e Condi\u00e7\u00f5es.\",\"breadcrumb\":{\"@id\":\"https:\\\/\\\/whatsappbusiness.com\\\/pt-br\\\/terms-and-conditions\\\/#breadcrumb\"},\"inLanguage\":\"pt-BR\",\"potentialAction\":[{\"@type\":\"ReadAction\",\"target\":[\"https:\\\/\\\/whatsappbusiness.com\\\/pt-br\\\/terms-and-conditions\\\/\"]}],\"author\":\"WhatsApp for Business\"},{\"@type\":\"ImageObject\",\"inLanguage\":\"pt-BR\",\"@id\":\"https:\\\/\\\/whatsappbusiness.com\\\/pt-br\\\/terms-and-conditions\\\/#primaryimage\",\"url\":\"https:\\\/\\\/whatsappbusiness.com\\\/wp-content\\\/uploads\\\/2026\\\/03\\\/WhatsApp-for-Business-Default-Image.png\",\"contentUrl\":\"https:\\\/\\\/whatsappbusiness.com\\\/wp-content\\\/uploads\\\/2026\\\/03\\\/WhatsApp-for-Business-Default-Image.png\",\"width\":1200,\"height\":630,\"caption\":\"Logotipo e marca d'\u00e1gua do WhatsApp para Empresas em plano de fundo verde com a marca\"},{\"@type\":\"BreadcrumbList\",\"@id\":\"https:\\\/\\\/whatsappbusiness.com\\\/pt-br\\\/terms-and-conditions\\\/#breadcrumb\",\"itemListElement\":[{\"@type\":\"ListItem\",\"position\":1,\"name\":\"Casa\",\"item\":\"https:\\\/\\\/whatsappbusiness.com\\\/pt-br\\\/\"},{\"@type\":\"ListItem\",\"position\":2,\"name\":\"Termos e Condi\u00e7\u00f5es\"}]},{\"@type\":\"WebSite\",\"@id\":\"https:\\\/\\\/whatsappbusiness.com\\\/pt-br\\\/#website\",\"url\":\"https:\\\/\\\/whatsappbusiness.com\\\/pt-br\\\/\",\"name\":\"WhatsApp for Business\",\"description\":\"Do more with conversations\",\"publisher\":{\"@id\":\"https:\\\/\\\/whatsappbusiness.com\\\/pt-br\\\/#organization\"},\"potentialAction\":[{\"@type\":\"SearchAction\",\"target\":{\"@type\":\"EntryPoint\",\"urlTemplate\":\"https:\\\/\\\/whatsappbusiness.com\\\/pt-br\\\/?s={search_term_string}\"},\"query-input\":{\"@type\":\"PropertyValueSpecification\",\"valueRequired\":true,\"valueName\":\"search_term_string\"}}],\"inLanguage\":\"pt-BR\"},{\"@type\":\"Organization\",\"@id\":\"https:\\\/\\\/whatsappbusiness.com\\\/pt-br\\\/#organization\",\"name\":\"WhatsApp para Empresas\",\"url\":\"https:\\\/\\\/whatsappbusiness.com\\\/pt-br\\\/\",\"logo\":{\"@type\":\"ImageObject\",\"inLanguage\":\"pt-BR\",\"@id\":\"https:\\\/\\\/whatsappbusiness.com\\\/pt-br\\\/#\\\/schema\\\/logo\\\/image\\\/\",\"url\":\"https:\\\/\\\/whatsappbusiness.com\\\/wp-content\\\/uploads\\\/2026\\\/04\\\/Digital_Inline_White_RGB_2026.svg\",\"contentUrl\":\"https:\\\/\\\/whatsappbusiness.com\\\/wp-content\\\/uploads\\\/2026\\\/04\\\/Digital_Inline_White_RGB_2026.svg\",\"width\":1487,\"height\":346,\"caption\":\"WhatsApp para Empresas\"},\"image\":{\"@id\":\"https:\\\/\\\/whatsappbusiness.com\\\/pt-br\\\/#\\\/schema\\\/logo\\\/image\\\/\"},\"sameAs\":[\"https:\\\/\\\/www.facebook.com\\\/WhatsAppBiz\",\"https:\\\/\\\/www.linkedin.com\\\/showcase\\\/whatsapp-business\",\"https:\\\/\\\/www.instagram.com\\\/whatsappforbusiness\"]}]}<\/script>\n<!-- \/ Yoast SEO Premium plugin. -->","yoast_head_json":{"title":"Termos e Condi\u00e7\u00f5es | WhatsApp for Business","description":"Com o WhatsApp Business, voc\u00ea interage com os clientes no canal preferido deles e amplia a comunica\u00e7\u00e3o da sua empresa usando mensagens r\u00e1pidas e confi\u00e1veis. Leia nossos Termos e Condi\u00e7\u00f5es.","robots":{"index":"index","follow":"follow","max-snippet":"max-snippet:-1","max-image-preview":"max-image-preview:large","max-video-preview":"max-video-preview:-1"},"canonical":"https:\/\/whatsappbusiness.com\/pt-br\/terms-and-conditions\/","og_locale":"pt_BR","og_type":"article","og_title":"Termos e Condi\u00e7\u00f5es","og_description":"Com o WhatsApp Business, voc\u00ea interage com os clientes no canal preferido deles e amplia a comunica\u00e7\u00e3o da sua empresa usando mensagens r\u00e1pidas e confi\u00e1veis. Leia nossos Termos e Condi\u00e7\u00f5es.","og_url":"https:\/\/whatsappbusiness.com\/pt-br\/terms-and-conditions\/","og_site_name":"WhatsApp for Business","article_publisher":"https:\/\/www.facebook.com\/WhatsAppBiz","article_modified_time":"2026-04-18T19:52:37+00:00","og_image":[{"width":1200,"height":630,"url":"https:\/\/whatsappbusiness.com\/wp-content\/uploads\/2026\/03\/WhatsApp-for-Business-Default-Image.png","type":"image\/png"}],"twitter_card":"summary_large_image","schema":{"@context":"https:\/\/schema.org","@graph":[{"@type":"WebPage","@id":"https:\/\/whatsappbusiness.com\/pt-br\/terms-and-conditions\/","url":"https:\/\/whatsappbusiness.com\/pt-br\/terms-and-conditions\/","name":"Termos e Condi\u00e7\u00f5es | WhatsApp for Business","isPartOf":{"@id":"https:\/\/whatsappbusiness.com\/pt-br\/#website"},"primaryImageOfPage":{"@id":"https:\/\/whatsappbusiness.com\/pt-br\/terms-and-conditions\/#primaryimage"},"image":{"@id":"https:\/\/whatsappbusiness.com\/pt-br\/terms-and-conditions\/#primaryimage"},"thumbnailUrl":"https:\/\/whatsappbusiness.com\/wp-content\/uploads\/2026\/03\/WhatsApp-for-Business-Default-Image.png","datePublished":"2026-03-16T13:37:31+00:00","dateModified":"2026-04-18T19:52:37+00:00","description":"Com o WhatsApp Business, voc\u00ea interage com os clientes no canal preferido deles e amplia a comunica\u00e7\u00e3o da sua empresa usando mensagens r\u00e1pidas e confi\u00e1veis. Leia nossos Termos e Condi\u00e7\u00f5es.","breadcrumb":{"@id":"https:\/\/whatsappbusiness.com\/pt-br\/terms-and-conditions\/#breadcrumb"},"inLanguage":"pt-BR","potentialAction":[{"@type":"ReadAction","target":["https:\/\/whatsappbusiness.com\/pt-br\/terms-and-conditions\/"]}],"author":"WhatsApp for Business"},{"@type":"ImageObject","inLanguage":"pt-BR","@id":"https:\/\/whatsappbusiness.com\/pt-br\/terms-and-conditions\/#primaryimage","url":"https:\/\/whatsappbusiness.com\/wp-content\/uploads\/2026\/03\/WhatsApp-for-Business-Default-Image.png","contentUrl":"https:\/\/whatsappbusiness.com\/wp-content\/uploads\/2026\/03\/WhatsApp-for-Business-Default-Image.png","width":1200,"height":630,"caption":"Logotipo e marca d'\u00e1gua do WhatsApp para Empresas em plano de fundo verde com a marca"},{"@type":"BreadcrumbList","@id":"https:\/\/whatsappbusiness.com\/pt-br\/terms-and-conditions\/#breadcrumb","itemListElement":[{"@type":"ListItem","position":1,"name":"Casa","item":"https:\/\/whatsappbusiness.com\/pt-br\/"},{"@type":"ListItem","position":2,"name":"Termos e Condi\u00e7\u00f5es"}]},{"@type":"WebSite","@id":"https:\/\/whatsappbusiness.com\/pt-br\/#website","url":"https:\/\/whatsappbusiness.com\/pt-br\/","name":"WhatsApp for Business","description":"Do more with conversations","publisher":{"@id":"https:\/\/whatsappbusiness.com\/pt-br\/#organization"},"potentialAction":[{"@type":"SearchAction","target":{"@type":"EntryPoint","urlTemplate":"https:\/\/whatsappbusiness.com\/pt-br\/?s={search_term_string}"},"query-input":{"@type":"PropertyValueSpecification","valueRequired":true,"valueName":"search_term_string"}}],"inLanguage":"pt-BR"},{"@type":"Organization","@id":"https:\/\/whatsappbusiness.com\/pt-br\/#organization","name":"WhatsApp para Empresas","url":"https:\/\/whatsappbusiness.com\/pt-br\/","logo":{"@type":"ImageObject","inLanguage":"pt-BR","@id":"https:\/\/whatsappbusiness.com\/pt-br\/#\/schema\/logo\/image\/","url":"https:\/\/whatsappbusiness.com\/wp-content\/uploads\/2026\/04\/Digital_Inline_White_RGB_2026.svg","contentUrl":"https:\/\/whatsappbusiness.com\/wp-content\/uploads\/2026\/04\/Digital_Inline_White_RGB_2026.svg","width":1487,"height":346,"caption":"WhatsApp para Empresas"},"image":{"@id":"https:\/\/whatsappbusiness.com\/pt-br\/#\/schema\/logo\/image\/"},"sameAs":["https:\/\/www.facebook.com\/WhatsAppBiz","https:\/\/www.linkedin.com\/showcase\/whatsapp-business","https:\/\/www.instagram.com\/whatsappforbusiness"]}]}},"parsely":{"version":"1.1.0","canonical_url":"https:\/\/whatsappbusiness.com\/pt-br\/terms-and-conditions\/","smart_links":{"inbound":0,"outbound":0},"traffic_boost_suggestions_count":0,"meta":{"@context":"https:\/\/schema.org","@type":"WebPage","headline":"Termos e Condi\u00e7\u00f5es","url":"http:\/\/whatsappbusiness.com\/pt-br\/terms-and-conditions\/","mainEntityOfPage":{"@type":"WebPage","@id":"http:\/\/whatsappbusiness.com\/pt-br\/terms-and-conditions\/"},"thumbnailUrl":"https:\/\/whatsappbusiness.com\/wp-content\/uploads\/2026\/03\/WhatsApp-for-Business-Default-Image.png?w=150&h=150&crop=1","image":{"@type":"ImageObject","url":"https:\/\/whatsappbusiness.com\/wp-content\/uploads\/2026\/03\/WhatsApp-for-Business-Default-Image.png"},"articleSection":"N\u00e3o categorizado","author":[{"@type":"Person","name":"fabiankaegy"}],"creator":["fabiankaegy"],"publisher":{"@type":"Organization","name":"WhatsApp for Business","logo":"https:\/\/whatsappbusiness.com\/wp-content\/uploads\/2026\/04\/Digital_Inline_White_RGB_2026.svg"},"keywords":[],"dateCreated":"2026-03-16T13:37:31Z","datePublished":"2026-03-16T13:37:31Z","dateModified":"2026-04-18T19:52:37Z"},"rendered":"<script type=\"application\/ld+json\" class=\"wp-parsely-metadata\">{\"@context\":\"https:\\\/\\\/schema.org\",\"@type\":\"WebPage\",\"headline\":\"Termos e Condi\\u00e7\\u00f5es\",\"url\":\"http:\\\/\\\/whatsappbusiness.com\\\/pt-br\\\/terms-and-conditions\\\/\",\"mainEntityOfPage\":{\"@type\":\"WebPage\",\"@id\":\"http:\\\/\\\/whatsappbusiness.com\\\/pt-br\\\/terms-and-conditions\\\/\"},\"thumbnailUrl\":\"https:\\\/\\\/whatsappbusiness.com\\\/wp-content\\\/uploads\\\/2026\\\/03\\\/WhatsApp-for-Business-Default-Image.png?w=150&h=150&crop=1\",\"image\":{\"@type\":\"ImageObject\",\"url\":\"https:\\\/\\\/whatsappbusiness.com\\\/wp-content\\\/uploads\\\/2026\\\/03\\\/WhatsApp-for-Business-Default-Image.png\"},\"articleSection\":\"N\\u00e3o categorizado\",\"author\":[{\"@type\":\"Person\",\"name\":\"fabiankaegy\"}],\"creator\":[\"fabiankaegy\"],\"publisher\":{\"@type\":\"Organization\",\"name\":\"WhatsApp for Business\",\"logo\":\"https:\\\/\\\/whatsappbusiness.com\\\/wp-content\\\/uploads\\\/2026\\\/04\\\/Digital_Inline_White_RGB_2026.svg\"},\"keywords\":[],\"dateCreated\":\"2026-03-16T13:37:31Z\",\"datePublished\":\"2026-03-16T13:37:31Z\",\"dateModified\":\"2026-04-18T19:52:37Z\"}<\/script>","tracker_url":"https:\/\/cdn.parsely.com\/keys\/whatsappbusiness.com\/p.js"},"_links":{"self":[{"href":"https:\/\/whatsappbusiness.com\/pt-br\/wp-json\/wp\/v2\/pages\/6255","targetHints":{"allow":["GET"]}}],"collection":[{"href":"https:\/\/whatsappbusiness.com\/pt-br\/wp-json\/wp\/v2\/pages"}],"about":[{"href":"https:\/\/whatsappbusiness.com\/pt-br\/wp-json\/wp\/v2\/types\/page"}],"author":[{"embeddable":true,"href":"https:\/\/whatsappbusiness.com\/pt-br\/wp-json\/wp\/v2\/users\/14"}],"replies":[{"embeddable":true,"href":"https:\/\/whatsappbusiness.com\/pt-br\/wp-json\/wp\/v2\/comments?post=6255"}],"version-history":[{"count":3,"href":"https:\/\/whatsappbusiness.com\/pt-br\/wp-json\/wp\/v2\/pages\/6255\/revisions"}],"predecessor-version":[{"id":9213,"href":"https:\/\/whatsappbusiness.com\/pt-br\/wp-json\/wp\/v2\/pages\/6255\/revisions\/9213"}],"wp:featuredmedia":[{"embeddable":true,"href":"https:\/\/whatsappbusiness.com\/pt-br\/wp-json\/wp\/v2\/media\/5054"}],"wp:attachment":[{"href":"https:\/\/whatsappbusiness.com\/pt-br\/wp-json\/wp\/v2\/media?parent=6255"}],"curies":[{"name":"wp","href":"https:\/\/api.w.org\/{rel}","templated":true}]}}